{"id":67,"date":"2025-03-15T13:13:06","date_gmt":"2025-03-15T13:13:06","guid":{"rendered":"https:\/\/agence3bastides.com\/?page_id=67"},"modified":"2026-03-03T13:14:34","modified_gmt":"2026-03-03T13:14:34","slug":"nos-honoraires","status":"publish","type":"page","link":"https:\/\/agence3bastides.com\/en\/nos-honoraires\/","title":{"rendered":"Nos Honoraires"},"content":{"rendered":"<div class=\"wp-block-group alignfull has-tertiary-background-color has-background has-global-padding is-layout-constrained wp-container-core-group-is-layout-832022f9 wp-block-group-is-layout-constrained\" style=\"margin-top:0;margin-bottom:0;padding-top:0;padding-right:0;padding-bottom:0;padding-left:0\">\n<div class=\"wp-block-cover alignfull is-light\" style=\"min-height:80vh;aspect-ratio:unset;\"><img loading=\"lazy\" decoding=\"async\" width=\"1748\" height=\"1240\" class=\"wp-block-cover__image-background wp-image-26\" alt=\"\" src=\"https:\/\/agence3bastides.com\/wp-content\/uploads\/2025\/03\/Design-sans-titre.png\" data-object-fit=\"cover\" srcset=\"https:\/\/agence3bastides.com\/wp-content\/uploads\/2025\/03\/Design-sans-titre.png 1748w, https:\/\/agence3bastides.com\/wp-content\/uploads\/2025\/03\/Design-sans-titre-300x213.png 300w, https:\/\/agence3bastides.com\/wp-content\/uploads\/2025\/03\/Design-sans-titre-1024x726.png 1024w, https:\/\/agence3bastides.com\/wp-content\/uploads\/2025\/03\/Design-sans-titre-768x545.png 768w, https:\/\/agence3bastides.com\/wp-content\/uploads\/2025\/03\/Design-sans-titre-1536x1090.png 1536w\" sizes=\"auto, (max-width: 1748px) 100vw, 1748px\" \/><span aria-hidden=\"true\" class=\"wp-block-cover__background has-background-dim-0 has-background-dim\" style=\"background-color:#a99581\"><\/span><div class=\"wp-block-cover__inner-container is-layout-flow wp-block-cover-is-layout-flow\">\n<div class=\"wp-block-group has-global-padding is-content-justification-center is-layout-constrained wp-block-group-is-layout-constrained\" style=\"padding-top:var(--wp--preset--spacing--80);padding-bottom:var(--wp--preset--spacing--80)\">\n<div class=\"wp-block-group alignwide is-vertical is-layout-flex wp-container-core-group-is-layout-677696e2 wp-block-group-is-layout-flex\" style=\"padding-top:0;padding-right:0;padding-bottom:0;padding-left:0\">\n<div class=\"wp-block-group has-tertiary-background-color has-background has-global-padding is-content-justification-left is-layout-constrained wp-container-core-group-is-layout-79293495 wp-block-group-is-layout-constrained\" style=\"border-radius:2px;padding-top:var(--wp--preset--spacing--40);padding-right:var(--wp--preset--spacing--40);padding-bottom:var(--wp--preset--spacing--40);padding-left:var(--wp--preset--spacing--40)\">\n<h1 class=\"wp-block-heading has-foreground-color has-text-color\">Property listings tailored to your needs<\/h1>\n\n\n\n<div class=\"wp-block-buttons is-layout-flex wp-container-core-buttons-is-layout-cb674176 wp-block-buttons-is-layout-flex\" style=\"margin-top:var(--wp--preset--spacing--30)\">\n<div class=\"wp-block-button\"><a class=\"wp-block-button__link has-background wp-element-button\" href=\"#tarifs\" style=\"background-color:#041561ad\">Find out more<\/a><\/div>\n<\/div>\n<\/div>\n<\/div>\n<\/div>\n<\/div><\/div>\n<\/div>\n\n\n\n<div class=\"wp-block-group alignfull has-background-background-color has-background has-global-padding is-layout-constrained wp-container-core-group-is-layout-254d6575 wp-block-group-is-layout-constrained\" style=\"margin-top:0;margin-bottom:0;padding-top:var(--wp--preset--spacing--60);padding-right:var(--wp--preset--spacing--30);padding-bottom:var(--wp--preset--spacing--60);padding-left:var(--wp--preset--spacing--30)\">\n<div class=\"wp-block-columns alignwide is-layout-flex wp-container-core-columns-is-layout-28f84493 wp-block-columns-is-layout-flex\">\n<div class=\"wp-block-column is-layout-flow wp-block-column-is-layout-flow\">\n<div class=\"wp-block-group alignwide has-global-padding is-content-justification-left is-layout-constrained wp-container-core-group-is-layout-3e24bffa wp-block-group-is-layout-constrained\" style=\"padding-right:var(--wp--preset--spacing--20);padding-left:0\">\n<h2 class=\"wp-block-heading has-text-align-center has-arsenal-font-family\" id=\"tarifs\" style=\"border-radius:0px;margin-top:var(--wp--preset--spacing--20);margin-right:0;margin-bottom:var(--wp--preset--spacing--20);margin-left:0;padding-top:var(--wp--preset--spacing--50);padding-right:0;padding-bottom:var(--wp--preset--spacing--50);padding-left:0;font-size:clamp(1.198rem, 1.198rem + ((1vw - 0.2rem) * 1.17), 1.9rem);font-style:normal;font-weight:400\">Our fees for sales in Aveyron are payable by the seller and include viewings, negotiations and compiling the sales file.<\/h2>\n\n\n\n<p>Our fees for the sale in Aveyron are as follows: <\/p>\n\n\n\n<p class=\"has-text-align-center\" style=\"margin-top:16px\"><em>Prices include VAT \u2013 VAT not applicable \u2013 Article 293 B of the General Tax Code<\/em><\/p>\n<\/div>\n<\/div>\n\n\n\n<div class=\"wp-block-column is-layout-flow wp-container-core-column-is-layout-e719beeb wp-block-column-is-layout-flow\" style=\"padding-right:var(--wp--preset--spacing--30);padding-left:var(--wp--preset--spacing--30)\">\n<div class=\"wp-block-group has-tertiary-background-color has-background has-global-padding is-layout-constrained wp-container-core-group-is-layout-b3f4224f wp-block-group-is-layout-constrained\" style=\"border-top-left-radius:0rem;border-top-right-radius:5rem;border-bottom-left-radius:5rem;border-bottom-right-radius:0rem;padding-top:var(--wp--preset--spacing--50);padding-right:var(--wp--preset--spacing--20);padding-bottom:var(--wp--preset--spacing--60);padding-left:var(--wp--preset--spacing--30)\">\n<div style=\"height:23px\" aria-hidden=\"true\" class=\"wp-block-spacer\"><\/div>\n\n\n\n<h2 class=\"wp-block-heading has-text-align-center\" style=\"margin-top:12px;font-size:clamp(25.014px, 1.563rem + ((1vw - 3.2px) * 1.769), 42px);\">Simple mandate<\/h2>\n\n\n\n<h3 class=\"wp-block-heading has-text-align-center\" style=\"margin-top:16px;font-size:clamp(14px, 0.875rem + ((1vw - 3.2px) * 0.625), 20px);\">According to the <strong>market value of the property<\/strong><\/h3>\n\n\n\n<div style=\"height:40px\" aria-hidden=\"true\" class=\"wp-block-spacer\"><\/div>\n\n\n\n<p>Less than \u20ac30,000: flat rate of \u20ac3,000 including VAT<\/p>\n\n\n\n<p>From \u20ac30,001 to \u20ac70,000: flat rate of \u20ac5,000 including VAT<\/p>\n\n\n\n<p>From \u20ac70,001 to \u20ac100,000: 7%<\/p>\n\n\n\n<p>From \u20ac100,001 to \u20ac200,000: 6%<\/p>\n\n\n\n<p>From \u20ac200,001 to \u20ac300,000: 5%<\/p>\n\n\n\n<p>Over \u20ac300,001: 4.5%<\/p>\n\n\n\n<div class=\"wp-block-buttons is-layout-flex wp-block-buttons-is-layout-flex\" style=\"margin-top:var(--wp--preset--spacing--40)\">\n<div class=\"wp-block-button has-custom-width wp-block-button__width-100\"><a class=\"wp-block-button__link has-background wp-element-button\" href=\"#mandat\" style=\"background-color:#041561ad\">See more<\/a><\/div>\n<\/div>\n<\/div>\n<\/div>\n\n\n\n<div class=\"wp-block-column is-layout-flow wp-block-column-is-layout-flow\">\n<div class=\"wp-block-group has-tertiary-background-color has-background has-global-padding is-layout-constrained wp-container-core-group-is-layout-22cf38d8 wp-block-group-is-layout-constrained\" style=\"border-top-left-radius:0rem;border-top-right-radius:5rem;border-bottom-left-radius:5rem;margin-bottom:0;padding-top:var(--wp--preset--spacing--50);padding-right:var(--wp--preset--spacing--20);padding-bottom:var(--wp--preset--spacing--60);padding-left:var(--wp--preset--spacing--30)\">\n<div style=\"height:23px\" aria-hidden=\"true\" class=\"wp-block-spacer\"><\/div>\n\n\n\n<h2 class=\"wp-block-heading has-text-align-center\" style=\"margin-top:12px;font-size:clamp(25.014px, 1.563rem + ((1vw - 3.2px) * 1.769), 42px);\">Exclusive mandate<\/h2>\n\n\n\n<h3 class=\"wp-block-heading\" style=\"margin-top:16px;margin-bottom:16px;font-size:clamp(14px, 0.875rem + ((1vw - 3.2px) * 0.625), 20px);\">According to the <strong>market value of the property<\/strong><\/h3>\n\n\n\n<div style=\"height:23px\" aria-hidden=\"true\" class=\"wp-block-spacer\"><\/div>\n\n\n\n<p>Less than \u20ac30,000: flat rate of \u20ac2,600 including VAT<\/p>\n\n\n\n<p>From \u20ac30,001 to \u20ac70,000: flat rate of \u20ac4,500 including VAT<\/p>\n\n\n\n<p>From \u20ac70,001 to \u20ac100,000: 6%<\/p>\n\n\n\n<p>From \u20ac100,001 to \u20ac200,000: 5.5%<\/p>\n\n\n\n<p>From \u20ac200,001 to \u20ac300,000: 4.5%<\/p>\n\n\n\n<p>Over \u20ac300,001: 4%<\/p>\n\n\n\n<div class=\"wp-block-buttons is-layout-flex wp-block-buttons-is-layout-flex\" style=\"margin-top:var(--wp--preset--spacing--40)\">\n<div class=\"wp-block-button has-custom-width wp-block-button__width-100\"><a class=\"wp-block-button__link has-background wp-element-button\" href=\"#mandat\" style=\"background-color:#041561ad\">See more<\/a><\/div>\n<\/div>\n<\/div>\n<\/div>\n<\/div>\n<\/div>\n\n\n\n<div class=\"wp-block-group alignfull has-tertiary-background-color has-background has-global-padding is-layout-constrained wp-container-core-group-is-layout-68d5e5bb wp-block-group-is-layout-constrained\" id=\"mandat\" style=\"margin-top:0;margin-bottom:0;padding-top:var(--wp--preset--spacing--50);padding-right:var(--wp--preset--spacing--30);padding-bottom:var(--wp--preset--spacing--60);padding-left:var(--wp--preset--spacing--30)\">\n<div class=\"wp-block-columns alignwide is-layout-flex wp-container-core-columns-is-layout-47c06fe3 wp-block-columns-is-layout-flex\">\n<div class=\"wp-block-column is-layout-flow wp-block-column-is-layout-flow\">\n<h2 class=\"wp-block-heading alignwide\" id=\"we-re-a-studio-in-berlin-with-an-international-practice-in-architecture-urban-planning-and-interior-design-we-believe-in-sharing-knowledge-and-promoting-dialogue-to-increase-the-creative-potential-of-collaboration\" style=\"font-size:clamp(27.894px, 1.743rem + ((1vw - 3.2px) * 2.094), 48px);line-height:1.1\"><\/h2>\n\n\n\n<div style=\"height:26px\" aria-hidden=\"true\" class=\"wp-block-spacer\"><\/div>\n\n\n\n<figure style=\"font-style:normal;font-weight:700\" class=\"wp-block-table\"><table style=\"border-style:none;border-width:0px\"><tbody><tr><td class=\"has-text-align-right\" data-align=\"right\"><\/td><td><\/td><td><\/td><\/tr><tr><td class=\"has-text-align-right\" data-align=\"right\">Free property valuation<\/td><td><\/td><td><\/td><\/tr><tr><td class=\"has-text-align-right\" data-align=\"right\">Advertising on property websites<\/td><td><\/td><td><\/td><\/tr><tr><td class=\"has-text-align-right\" data-align=\"right\">Visits with clients<\/td><td><\/td><td><\/td><\/tr><tr><td class=\"has-text-align-right\" data-align=\"right\">Personalised follow-up<\/td><td><\/td><td><\/td><\/tr><tr><td class=\"has-text-align-right\" data-align=\"right\">Free energy performance certificate<\/td><td><\/td><td><\/td><\/tr><tr><td class=\"has-text-align-right\" data-align=\"right\">Reduced fees<\/td><td><\/td><td><\/td><\/tr><tr><td class=\"has-text-align-right\" data-align=\"right\">Handling any requests for quotations through to the sale<\/td><td><\/td><td><\/td><\/tr><\/tbody><\/table><\/figure>\n<\/div>\n\n\n\n<div class=\"wp-block-column is-layout-flow wp-block-column-is-layout-flow\">\n<div class=\"wp-block-group has-global-padding is-layout-constrained wp-block-group-is-layout-constrained\">\n<h3 class=\"wp-block-heading has-text-align-center\" style=\"margin-top:0px;font-size:clamp(18.434px, 1.152rem + ((1vw - 3.2px) * 1.101), 29px);line-height:1.5\"><strong>Simple mandate<\/strong><\/h3>\n\n\n\n<figure style=\"padding-left:var(--wp--preset--spacing--70)\" class=\"wp-block-table\"><table class=\"has-text-color has-link-color\" style=\"color:#041561ad;border-style:none;border-width:0px\"><tbody><tr><td class=\"has-text-align-center\" data-align=\"center\"><em><strong>\u2714<\/strong><\/em><\/td><td><\/td><td><\/td><\/tr><tr><td class=\"has-text-align-center\" data-align=\"center\"><em><strong>\u2714<\/strong><\/em><\/td><td><\/td><td><\/td><\/tr><tr><td class=\"has-text-align-center\" data-align=\"center\"><em><strong>\u2714<\/strong><\/em><\/td><td><\/td><td><\/td><\/tr><tr><td class=\"has-text-align-center\" data-align=\"center\"><em><strong>\u2714<\/strong><\/em><\/td><td><\/td><td><\/td><\/tr><tr><td class=\"has-text-align-center\" data-align=\"center\"><strong><em>X<\/em><\/strong><\/td><td><\/td><td><\/td><\/tr><tr><td class=\"has-text-align-center\" data-align=\"center\"><strong><em><strong><em>X<\/em><\/strong><\/em><\/strong><\/td><td><\/td><td><\/td><\/tr><tr><td class=\"has-text-align-center\" data-align=\"center\"><strong><em><strong><em>X<\/em><\/strong><\/em><\/strong><\/td><td><\/td><td><\/td><\/tr><\/tbody><\/table><\/figure>\n<\/div>\n<\/div>\n\n\n\n<div class=\"wp-block-column is-layout-flow wp-block-column-is-layout-flow\">\n<div class=\"wp-block-group has-global-padding is-layout-constrained wp-block-group-is-layout-constrained\">\n<h3 class=\"wp-block-heading has-text-align-center\" style=\"font-size:clamp(18.434px, 1.152rem + ((1vw - 3.2px) * 1.101), 29px);line-height:1.5\"><strong>Exclusive mandate<\/strong><\/h3>\n\n\n\n<figure style=\"padding-left:var(--wp--preset--spacing--70)\" class=\"wp-block-table\"><table class=\"has-text-color has-link-color\" style=\"color:#041561ad;border-style:none;border-width:0px\"><tbody><tr><td class=\"has-text-align-center\" data-align=\"center\"><em><strong>\u2714<\/strong><\/em><\/td><td><\/td><td><\/td><\/tr><tr><td class=\"has-text-align-center\" data-align=\"center\"><em><strong>\u2714<\/strong><\/em><\/td><td><\/td><td><\/td><\/tr><tr><td class=\"has-text-align-center\" data-align=\"center\"><em><strong>\u2714<\/strong><\/em><\/td><td><\/td><td><\/td><\/tr><tr><td class=\"has-text-align-center\" data-align=\"center\"><em><strong>\u2714<\/strong><\/em><\/td><td><\/td><td><\/td><\/tr><tr><td class=\"has-text-align-center\" data-align=\"center\"><em><strong>\u2714<\/strong><\/em><\/td><td><\/td><td><\/td><\/tr><tr><td class=\"has-text-align-center\" data-align=\"center\"><em><strong>\u2714<\/strong><\/em><\/td><td><\/td><td><\/td><\/tr><tr><td class=\"has-text-align-center\" data-align=\"center\"><em><strong>\u2714<\/strong><\/em><\/td><\/tr><\/tbody><\/table><\/figure>\n<\/div>\n<\/div>\n<\/div>\n\n\n\n<div class=\"wp-block-buttons is-content-justification-center is-layout-flex wp-container-core-buttons-is-layout-a89b3969 wp-block-buttons-is-layout-flex\">\n<div class=\"wp-block-button\"><a class=\"wp-block-button__link has-background wp-element-button\" href=\"https:\/\/agence3bastides.com\/wp-content\/uploads\/2025\/03\/PLaquette-presentation-agence-1.pdf\" style=\"background-color:#041561ad\" target=\"_blank\" rel=\"noreferrer noopener\">Down<img decoding=\"async\" class=\"wp-image-72\" style=\"width: NaNpx;\" src=\"https:\/\/agence3bastides.com\/wp-content\/uploads\/2025\/03\/PLaquette-presentation-agence-1.pdf\" alt=\"\">load the brochure<\/a><\/div>\n<\/div>\n<\/div>\n\n\n\n<div class=\"wp-block-group alignfull has-background-background-color has-background has-global-padding is-layout-constrained wp-container-core-group-is-layout-7276a2bb wp-block-group-is-layout-constrained\" style=\"margin-top:0;margin-bottom:0;padding-top:var(--wp--preset--spacing--60);padding-right:var(--wp--preset--spacing--30);padding-bottom:var(--wp--preset--spacing--60);padding-left:var(--wp--preset--spacing--30)\">\n<div class=\"wp-block-group alignwide is-content-justification-space-between is-layout-flex wp-container-core-group-is-layout-9366075c wp-block-group-is-layout-flex\">\n<div class=\"wp-block-group has-global-padding is-layout-constrained wp-block-group-is-layout-constrained\">\n<p class=\"has-large-font-size\">Contact us today to move towards your property goals.<\/p>\n<\/div>\n\n\n\n<div class=\"wp-block-buttons is-horizontal is-content-justification-right is-layout-flex wp-container-core-buttons-is-layout-27c00227 wp-block-buttons-is-layout-flex\">\n<div class=\"wp-block-button\"><a class=\"wp-block-button__link has-background wp-element-button\" href=\"https:\/\/agence3bastides.com\/en\/contact\/\" style=\"background-color:#041561ad\">Contact us<\/a><\/div>\n<\/div>\n<\/div>\n<\/div>\n\n\n\n<hr class=\"wp-block-separator has-text-color has-alpha-channel-opacity has-background is-style-wide\" style=\"margin-top:0;margin-bottom:var(--wp--preset--spacing--50);background-color:#041561ad;color:#041561ad\"\/>","protected":false},"excerpt":{"rendered":"<p>Nos honoraires sur la vente en Aveyron sont \u00e0 la charge du vendeur et comprennent les prestations de visite, de n\u00e9gociation et de constitution du dossier de vente. Nos honoraires sur la vente en Aveyron ci-apr\u00e8s : Tarifs TTC &#8211; TVA non applicable &#8211; article 293 B du Code g\u00e9n\u00e9ral des imp\u00f4ts Mandat simple Selon [&hellip;]<\/p>\n","protected":false},"author":1,"featured_media":0,"parent":0,"menu_order":0,"comment_status":"closed","ping_status":"closed","template":"no-title","meta":{"footnotes":""},"class_list":["post-67","page","type-page","status-publish","hentry"],"yoast_head":"<!-- This site is optimized with the Yoast SEO plugin v27.5 - https:\/\/yoast.com\/product\/yoast-seo-wordpress\/ -->\n<title>Nos Honoraires - Agence des 3 Bastides Nos honoraires sur le vente en Aveyron<\/title>\n<meta name=\"description\" content=\"Agence des 3 Bastides Aveyron: nos honoraires sur la vente immobili\u00e8re. Suivi locale et personnalis\u00e9e, service trilingue.\" \/>\n<meta name=\"robots\" content=\"index, follow, max-snippet:-1, max-image-preview:large, max-video-preview:-1\" \/>\n<link rel=\"canonical\" href=\"https:\/\/agence3bastides.com\/en\/nos-honoraires\/\" \/>\n<meta property=\"og:locale\" content=\"en_GB\" \/>\n<meta property=\"og:type\" content=\"article\" \/>\n<meta property=\"og:title\" content=\"Nos Honoraires - Agence des 3 Bastides Nos honoraires sur le vente en Aveyron\" \/>\n<meta property=\"og:description\" content=\"Agence des 3 Bastides Aveyron: nos honoraires sur la vente immobili\u00e8re. Suivi locale et personnalis\u00e9e, service trilingue.\" \/>\n<meta property=\"og:url\" content=\"https:\/\/agence3bastides.com\/en\/nos-honoraires\/\" \/>\n<meta property=\"og:site_name\" content=\"Agence des 3 Bastides\" \/>\n<meta property=\"article:modified_time\" content=\"2026-03-03T13:14:34+00:00\" \/>\n<meta property=\"og:image\" content=\"https:\/\/agence3bastides.com\/wp-content\/uploads\/2025\/03\/Design-sans-titre-1024x726.png\" \/>\n\t<meta property=\"og:image:width\" content=\"1024\" \/>\n\t<meta property=\"og:image:height\" content=\"726\" \/>\n\t<meta property=\"og:image:type\" content=\"image\/png\" \/>\n<meta name=\"twitter:card\" content=\"summary_large_image\" \/>\n<meta name=\"twitter:label1\" content=\"Estimated reading time\" \/>\n\t<meta name=\"twitter:data1\" content=\"2 minutes\" \/>\n<script type=\"application\/ld+json\" class=\"yoast-schema-graph\">{\"@context\":\"https:\\\/\\\/schema.org\",\"@graph\":[{\"@type\":\"WebPage\",\"@id\":\"https:\\\/\\\/agence3bastides.com\\\/nos-honoraires\\\/\",\"url\":\"https:\\\/\\\/agence3bastides.com\\\/nos-honoraires\\\/\",\"name\":\"Nos Honoraires - Agence des 3 Bastides Nos honoraires sur le vente en Aveyron\",\"isPartOf\":{\"@id\":\"https:\\\/\\\/agence3bastides.com\\\/#website\"},\"primaryImageOfPage\":{\"@id\":\"https:\\\/\\\/agence3bastides.com\\\/nos-honoraires\\\/#primaryimage\"},\"image\":{\"@id\":\"https:\\\/\\\/agence3bastides.com\\\/nos-honoraires\\\/#primaryimage\"},\"thumbnailUrl\":\"https:\\\/\\\/agence3bastides.com\\\/wp-content\\\/uploads\\\/2025\\\/03\\\/Design-sans-titre.png\",\"datePublished\":\"2025-03-15T13:13:06+00:00\",\"dateModified\":\"2026-03-03T13:14:34+00:00\",\"description\":\"Agence des 3 Bastides Aveyron: nos honoraires sur la vente immobili\u00e8re. Suivi locale et personnalis\u00e9e, service trilingue.\",\"breadcrumb\":{\"@id\":\"https:\\\/\\\/agence3bastides.com\\\/nos-honoraires\\\/#breadcrumb\"},\"inLanguage\":\"en-GB\",\"potentialAction\":[{\"@type\":\"ReadAction\",\"target\":[\"https:\\\/\\\/agence3bastides.com\\\/nos-honoraires\\\/\"]}]},{\"@type\":\"ImageObject\",\"inLanguage\":\"en-GB\",\"@id\":\"https:\\\/\\\/agence3bastides.com\\\/nos-honoraires\\\/#primaryimage\",\"url\":\"https:\\\/\\\/agence3bastides.com\\\/wp-content\\\/uploads\\\/2025\\\/03\\\/Design-sans-titre.png\",\"contentUrl\":\"https:\\\/\\\/agence3bastides.com\\\/wp-content\\\/uploads\\\/2025\\\/03\\\/Design-sans-titre.png\"},{\"@type\":\"BreadcrumbList\",\"@id\":\"https:\\\/\\\/agence3bastides.com\\\/nos-honoraires\\\/#breadcrumb\",\"itemListElement\":[{\"@type\":\"ListItem\",\"position\":1,\"name\":\"Accueil\",\"item\":\"https:\\\/\\\/agence3bastides.com\\\/\"},{\"@type\":\"ListItem\",\"position\":2,\"name\":\"Nos Honoraires\"}]},{\"@type\":\"WebSite\",\"@id\":\"https:\\\/\\\/agence3bastides.com\\\/#website\",\"url\":\"https:\\\/\\\/agence3bastides.com\\\/\",\"name\":\"Agence des 3 Bastides\",\"description\":\"Agence des 3 Badtides\",\"publisher\":{\"@id\":\"https:\\\/\\\/agence3bastides.com\\\/#organization\"},\"potentialAction\":[{\"@type\":\"SearchAction\",\"target\":{\"@type\":\"EntryPoint\",\"urlTemplate\":\"https:\\\/\\\/agence3bastides.com\\\/?s={search_term_string}\"},\"query-input\":{\"@type\":\"PropertyValueSpecification\",\"valueRequired\":true,\"valueName\":\"search_term_string\"}}],\"inLanguage\":\"en-GB\"},{\"@type\":\"Organization\",\"@id\":\"https:\\\/\\\/agence3bastides.com\\\/#organization\",\"name\":\"Agence des 3 Bastides\",\"url\":\"https:\\\/\\\/agence3bastides.com\\\/\",\"logo\":{\"@type\":\"ImageObject\",\"inLanguage\":\"en-GB\",\"@id\":\"https:\\\/\\\/agence3bastides.com\\\/#\\\/schema\\\/logo\\\/image\\\/\",\"url\":\"https:\\\/\\\/agence3bastides.com\\\/wp-content\\\/uploads\\\/2026\\\/02\\\/logo-transparent.png\",\"contentUrl\":\"https:\\\/\\\/agence3bastides.com\\\/wp-content\\\/uploads\\\/2026\\\/02\\\/logo-transparent.png\",\"width\":1500,\"height\":1000,\"caption\":\"Agence des 3 Bastides\"},\"image\":{\"@id\":\"https:\\\/\\\/agence3bastides.com\\\/#\\\/schema\\\/logo\\\/image\\\/\"}}]}<\/script>\n<!-- \/ Yoast SEO plugin. -->","yoast_head_json":{"title":"Nos Honoraires - Agence des 3 Bastides Nos honoraires sur le vente en Aveyron","description":"Agence des 3 Bastides Aveyron: nos honoraires sur la vente immobili\u00e8re. Suivi locale et personnalis\u00e9e, service trilingue.","robots":{"index":"index","follow":"follow","max-snippet":"max-snippet:-1","max-image-preview":"max-image-preview:large","max-video-preview":"max-video-preview:-1"},"canonical":"https:\/\/agence3bastides.com\/en\/nos-honoraires\/","og_locale":"en_GB","og_type":"article","og_title":"Nos Honoraires - Agence des 3 Bastides Nos honoraires sur le vente en Aveyron","og_description":"Agence des 3 Bastides Aveyron: nos honoraires sur la vente immobili\u00e8re. Suivi locale et personnalis\u00e9e, service trilingue.","og_url":"https:\/\/agence3bastides.com\/en\/nos-honoraires\/","og_site_name":"Agence des 3 Bastides","article_modified_time":"2026-03-03T13:14:34+00:00","og_image":[{"width":1024,"height":726,"url":"https:\/\/agence3bastides.com\/wp-content\/uploads\/2025\/03\/Design-sans-titre-1024x726.png","type":"image\/png"}],"twitter_card":"summary_large_image","twitter_misc":{"Estimated reading time":"2 minutes"},"schema":{"@context":"https:\/\/schema.org","@graph":[{"@type":"WebPage","@id":"https:\/\/agence3bastides.com\/nos-honoraires\/","url":"https:\/\/agence3bastides.com\/nos-honoraires\/","name":"Nos Honoraires - Agence des 3 Bastides Nos honoraires sur le vente en Aveyron","isPartOf":{"@id":"https:\/\/agence3bastides.com\/#website"},"primaryImageOfPage":{"@id":"https:\/\/agence3bastides.com\/nos-honoraires\/#primaryimage"},"image":{"@id":"https:\/\/agence3bastides.com\/nos-honoraires\/#primaryimage"},"thumbnailUrl":"https:\/\/agence3bastides.com\/wp-content\/uploads\/2025\/03\/Design-sans-titre.png","datePublished":"2025-03-15T13:13:06+00:00","dateModified":"2026-03-03T13:14:34+00:00","description":"Agence des 3 Bastides Aveyron: nos honoraires sur la vente immobili\u00e8re. Suivi locale et personnalis\u00e9e, service trilingue.","breadcrumb":{"@id":"https:\/\/agence3bastides.com\/nos-honoraires\/#breadcrumb"},"inLanguage":"en-GB","potentialAction":[{"@type":"ReadAction","target":["https:\/\/agence3bastides.com\/nos-honoraires\/"]}]},{"@type":"ImageObject","inLanguage":"en-GB","@id":"https:\/\/agence3bastides.com\/nos-honoraires\/#primaryimage","url":"https:\/\/agence3bastides.com\/wp-content\/uploads\/2025\/03\/Design-sans-titre.png","contentUrl":"https:\/\/agence3bastides.com\/wp-content\/uploads\/2025\/03\/Design-sans-titre.png"},{"@type":"BreadcrumbList","@id":"https:\/\/agence3bastides.com\/nos-honoraires\/#breadcrumb","itemListElement":[{"@type":"ListItem","position":1,"name":"Accueil","item":"https:\/\/agence3bastides.com\/"},{"@type":"ListItem","position":2,"name":"Nos Honoraires"}]},{"@type":"WebSite","@id":"https:\/\/agence3bastides.com\/#website","url":"https:\/\/agence3bastides.com\/","name":"Agence des 3 Bastides","description":"Agence des 3 Badtides","publisher":{"@id":"https:\/\/agence3bastides.com\/#organization"},"potentialAction":[{"@type":"SearchAction","target":{"@type":"EntryPoint","urlTemplate":"https:\/\/agence3bastides.com\/?s={search_term_string}"},"query-input":{"@type":"PropertyValueSpecification","valueRequired":true,"valueName":"search_term_string"}}],"inLanguage":"en-GB"},{"@type":"Organization","@id":"https:\/\/agence3bastides.com\/#organization","name":"Agence des 3 Bastides","url":"https:\/\/agence3bastides.com\/","logo":{"@type":"ImageObject","inLanguage":"en-GB","@id":"https:\/\/agence3bastides.com\/#\/schema\/logo\/image\/","url":"https:\/\/agence3bastides.com\/wp-content\/uploads\/2026\/02\/logo-transparent.png","contentUrl":"https:\/\/agence3bastides.com\/wp-content\/uploads\/2026\/02\/logo-transparent.png","width":1500,"height":1000,"caption":"Agence des 3 Bastides"},"image":{"@id":"https:\/\/agence3bastides.com\/#\/schema\/logo\/image\/"}}]}},"jetpack_sharing_enabled":true,"_links":{"self":[{"href":"https:\/\/agence3bastides.com\/en\/wp-json\/wp\/v2\/pages\/67","targetHints":{"allow":["GET"]}}],"collection":[{"href":"https:\/\/agence3bastides.com\/en\/wp-json\/wp\/v2\/pages"}],"about":[{"href":"https:\/\/agence3bastides.com\/en\/wp-json\/wp\/v2\/types\/page"}],"author":[{"embeddable":true,"href":"https:\/\/agence3bastides.com\/en\/wp-json\/wp\/v2\/users\/1"}],"replies":[{"embeddable":true,"href":"https:\/\/agence3bastides.com\/en\/wp-json\/wp\/v2\/comments?post=67"}],"version-history":[{"count":22,"href":"https:\/\/agence3bastides.com\/en\/wp-json\/wp\/v2\/pages\/67\/revisions"}],"predecessor-version":[{"id":1149,"href":"https:\/\/agence3bastides.com\/en\/wp-json\/wp\/v2\/pages\/67\/revisions\/1149"}],"wp:attachment":[{"href":"https:\/\/agence3bastides.com\/en\/wp-json\/wp\/v2\/media?parent=67"}],"curies":[{"name":"wp","href":"https:\/\/api.w.org\/{rel}","templated":true}]}}