{"id":631,"date":"2026-02-06T10:46:10","date_gmt":"2026-02-06T10:46:10","guid":{"rendered":"https:\/\/agence3bastides.com\/?page_id=631"},"modified":"2026-03-03T13:05:06","modified_gmt":"2026-03-03T13:05:06","slug":"gestion-maison-secondaire-en-aveyron","status":"publish","type":"page","link":"https:\/\/agence3bastides.com\/en\/gestion-maison-secondaire-en-aveyron\/","title":{"rendered":"Services Maisons Secondaires"},"content":{"rendered":"<div class=\"wp-block-group alignfull is-style-ext-preset--group--natural-1--section has-background-background-color has-background has-global-padding is-layout-constrained wp-container-core-group-is-layout-e955bbaf wp-block-group-is-layout-constrained\" style=\"margin-top:0;margin-bottom:0;padding-top:var(--wp--preset--spacing--70);padding-bottom:var(--wp--preset--spacing--70)\">\n<div class=\"wp-block-group alignwide is-vertical is-layout-flex wp-container-core-group-is-layout-c35747d5 wp-block-group-is-layout-flex\">\n<div class=\"wp-block-group has-global-padding is-layout-constrained wp-container-core-group-is-layout-5e05634a wp-block-group-is-layout-constrained\">\n<h3 class=\"wp-block-heading\">Our expertise in managing second homes in Aveyron<\/h3>\n\n\n\n<p class=\"has-text-align-left\">Are you looking for someone trustworthy to look after your second home in Aveyron?<br>Agence des 3 Bastides offers a comprehensive management service for your second home in Aveyron, taking care of your property while you are away.<\/p>\n\n\n\n<p class=\"has-text-align-left\">Management of second homes in Aveyron: We take care of your property, carry out regular visits and take care of winterisation. We can also take care of garden and pool maintenance, as well as cleaning before your arrival, so that everything is ready for your return.<\/p>\n<\/div>\n<\/div>\n\n\n\n<div class=\"wp-block-columns alignwide is-layout-flex wp-container-core-columns-is-layout-174606dc wp-block-columns-is-layout-flex\">\n<div class=\"wp-block-column is-vertically-aligned-stretch is-layout-flow wp-container-core-column-is-layout-119bc444 wp-block-column-is-layout-flow\">\n<div class=\"wp-block-cover is-style-ext-preset--image--natural-1--image-1--content-right is-style-ext-preset--image--natural-1--image-1--content-right--2\" style=\"padding-top:0;padding-bottom:0;min-height:100%;aspect-ratio:unset;\"><img loading=\"lazy\" decoding=\"async\" width=\"1280\" height=\"853\" class=\"wp-block-cover__image-background wp-image-765 size-full\" alt=\"\" src=\"https:\/\/agence3bastides.com\/wp-content\/uploads\/2026\/02\/kaboompics-key-791641_1280.jpg\" data-object-fit=\"cover\" srcset=\"https:\/\/agence3bastides.com\/wp-content\/uploads\/2026\/02\/kaboompics-key-791641_1280.jpg 1280w, https:\/\/agence3bastides.com\/wp-content\/uploads\/2026\/02\/kaboompics-key-791641_1280-300x200.jpg 300w, https:\/\/agence3bastides.com\/wp-content\/uploads\/2026\/02\/kaboompics-key-791641_1280-1024x682.jpg 1024w, https:\/\/agence3bastides.com\/wp-content\/uploads\/2026\/02\/kaboompics-key-791641_1280-768x512.jpg 768w, https:\/\/agence3bastides.com\/wp-content\/uploads\/2026\/02\/kaboompics-key-791641_1280-18x12.jpg 18w\" sizes=\"auto, (max-width: 1280px) 100vw, 1280px\" \/><span aria-hidden=\"true\" class=\"wp-block-cover__background has-background-dim-0 has-background-dim\" style=\"background-color:#91776c\"><\/span><div class=\"wp-block-cover__inner-container is-layout-flow wp-block-cover-is-layout-flow\">\n<div style=\"height:240px\" aria-hidden=\"true\" class=\"wp-block-spacer\"><\/div>\n<\/div><\/div>\n<\/div>\n\n\n\n<div class=\"wp-block-column is-vertically-aligned-center is-layout-flow wp-block-column-is-layout-flow\">\n<div class=\"wp-block-group is-style-ext-preset--group--natural-1--item-card-1--align-start has-global-padding is-layout-constrained wp-block-group-is-layout-constrained is-style-ext-preset--group--natural-1--item-card-1--align-start--3\">\n<div class=\"wp-block-group is-style-default has-global-padding is-layout-constrained wp-block-group-is-layout-constrained\">\n<div class=\"wp-block-group is-nowrap is-layout-flex wp-container-core-group-is-layout-64fa2afa wp-block-group-is-layout-flex\" style=\"padding-top:0;padding-right:0;padding-bottom:0;padding-left:0\">\n<figure class=\"wp-block-image size-large ext-aspect-landscape wp-duotone-primary-foreground\"><img decoding=\"async\" src=\"data:image\/svg+xml;base64,PHN2ZyB4bWxucz0iaHR0cDovL3d3dy53My5vcmcvMjAwMC9zdmciIHdpZHRoPSI0OCIgaGVpZ2h0PSI0OCIgZmlsbD0iIzAwMDAwMCIgdmlld0JveD0iMCAwIDI1NiAyNTYiPjxwYXRoIGQ9Ik0xNzIsNzZhNDQsNDQsMCwxLDAtNDQsNDRBNDQuMDUsNDQuMDUsMCwwLDAsMTcyLDc2Wm0tNDQsMjhhMjgsMjgsMCwxLDEsMjgtMjhBMjgsMjgsMCwwLDEsMTI4LDEwNFptNjAsMjRhNDQsNDQsMCwxLDAsNDQsNDRBNDQuMDUsNDQuMDUsMCwwLDAsMTg4LDEyOFptMCw3MmEyOCwyOCwwLDEsMSwyOC0yOEEyOCwyOCwwLDAsMSwxODgsMjAwWk02OCwxMjhhNDQsNDQsMCwxLDAsNDQsNDRBNDQuMDUsNDQuMDUsMCwwLDAsNjgsMTI4Wm0wLDcyYTI4LDI4LDAsMSwxLDI4LTI4QTI4LDI4LDAsMCwxLDY4LDIwMFoiPjwvcGF0aD48L3N2Zz4=\" alt=\"\" style=\"object-fit:cover\"\/><\/figure>\n\n\n\n<div class=\"wp-block-group wp-container-content-958eb9dc has-global-padding is-layout-constrained wp-container-core-group-is-layout-c06d165c wp-block-group-is-layout-constrained\" style=\"padding-top:0;padding-right:0;padding-bottom:0;padding-left:0\">\n<h3 class=\"wp-block-heading\">Full Annual Management<\/h3>\n\n\n\n<p>Regular inspection visit<\/p>\n\n\n\n<p>Winterising your home, ventilation and technical checks<\/p>\n\n\n\n<p>Mail management<\/p>\n\n\n\n<p>Regular report<\/p>\n<\/div>\n<\/div>\n<\/div>\n<\/div>\n\n\n\n<div class=\"wp-block-group is-style-ext-preset--group--natural-1--item-card-1--align-start has-global-padding is-layout-constrained wp-block-group-is-layout-constrained is-style-ext-preset--group--natural-1--item-card-1--align-start--4\">\n<div class=\"wp-block-group is-style-default has-global-padding is-layout-constrained wp-block-group-is-layout-constrained\">\n<div class=\"wp-block-group is-nowrap is-layout-flex wp-container-core-group-is-layout-64fa2afa wp-block-group-is-layout-flex\" style=\"padding-top:0;padding-right:0;padding-bottom:0;padding-left:0\">\n<figure class=\"wp-block-image size-large ext-aspect-landscape wp-duotone-primary-foreground\"><img decoding=\"async\" src=\"data:image\/svg+xml;base64,PHN2ZyB4bWxucz0iaHR0cDovL3d3dy53My5vcmcvMjAwMC9zdmciIHdpZHRoPSI0OCIgaGVpZ2h0PSI0OCIgZmlsbD0iIzAwMDAwMCIgdmlld0JveD0iMCAwIDI1NiAyNTYiPjxwYXRoIGQ9Ik04MCw0MGE0MCw0MCwwLDEsMCw0MCw0MEE0MCw0MCwwLDAsMCw4MCw0MFptMCw2NGEyNCwyNCwwLDEsMSwyNC0yNEEyNCwyNCwwLDAsMSw4MCwxMDRabTk2LDE2YTQwLDQwLDAsMSwwLTQwLTQwQTQwLDQwLDAsMCwwLDE3NiwxMjBabTAtNjRhMjQsMjQsMCwxLDEtMjQsMjRBMjQsMjQsMCwwLDEsMTc2LDU2Wk04MCwxMzZhNDAsNDAsMCwxLDAsNDAsNDBBNDAsNDAsMCwwLDAsODAsMTM2Wm0wLDY0YTI0LDI0LDAsMSwxLDI0LTI0QTI0LDI0LDAsMCwxLDgwLDIwMFptOTYtNjRhNDAsNDAsMCwxLDAsNDAsNDBBNDAsNDAsMCwwLDAsMTc2LDEzNlptMCw2NGEyNCwyNCwwLDEsMSwyNC0yNEEyNCwyNCwwLDAsMSwxNzYsMjAwWiI+PC9wYXRoPjwvc3ZnPg==\" alt=\"\" style=\"object-fit:cover\"\/><\/figure>\n\n\n\n<div class=\"wp-block-group wp-container-content-958eb9dc has-global-padding is-layout-constrained wp-container-core-group-is-layout-c06d165c wp-block-group-is-layout-constrained\" style=\"padding-top:0;padding-right:0;padding-bottom:0;padding-left:0\">\n<h3 class=\"wp-block-heading\">Exterior Maintenance <\/h3>\n\n\n\n<p>Maintenance of green spaces<\/p>\n\n\n\n<p>Swimming pool (start-up, maintenance, winterisation)<\/p>\n<\/div>\n<\/div>\n<\/div>\n<\/div>\n\n\n\n<div class=\"wp-block-group is-style-ext-preset--group--natural-1--item-card-1--align-start has-global-padding is-layout-constrained wp-block-group-is-layout-constrained is-style-ext-preset--group--natural-1--item-card-1--align-start--5\">\n<div class=\"wp-block-group is-style-default has-global-padding is-layout-constrained wp-block-group-is-layout-constrained\">\n<div class=\"wp-block-group is-nowrap is-layout-flex wp-container-core-group-is-layout-64fa2afa wp-block-group-is-layout-flex\" style=\"padding-top:0;padding-right:0;padding-bottom:0;padding-left:0\">\n<figure class=\"wp-block-image size-large ext-aspect-landscape wp-duotone-primary-foreground\"><img decoding=\"async\" src=\"data:image\/svg+xml;base64,PHN2ZyB4bWxucz0iaHR0cDovL3d3dy53My5vcmcvMjAwMC9zdmciIHdpZHRoPSI0OCIgaGVpZ2h0PSI0OCIgZmlsbD0iIzAwMDAwMCIgdmlld0JveD0iMCAwIDI1NiAyNTYiPjxwYXRoIGQ9Ik04MCw0MGE0MCw0MCwwLDEsMCw0MCw0MEE0MCw0MCwwLDAsMCw4MCw0MFptMCw2NGEyNCwyNCwwLDEsMSwyNC0yNEEyNCwyNCwwLDAsMSw4MCwxMDRabTk2LDE2YTQwLDQwLDAsMSwwLTQwLTQwQTQwLDQwLDAsMCwwLDE3NiwxMjBabTAtNjRhMjQsMjQsMCwxLDEtMjQsMjRBMjQsMjQsMCwwLDEsMTc2LDU2Wk04MCwxMzZhNDAsNDAsMCwxLDAsNDAsNDBBNDAsNDAsMCwwLDAsODAsMTM2Wm0wLDY0YTI0LDI0LDAsMSwxLDI0LTI0QTI0LDI0LDAsMCwxLDgwLDIwMFptMTM2LTI0YTgsOCwwLDAsMS04LDhIMTg0djI0YTgsOCwwLDAsMS0xNiwwVjE4NEgxNDRhOCw4LDAsMCwxLDAtMTZoMjRWMTQ0YTgsOCwwLDAsMSwxNiwwdjI0aDI0QTgsOCwwLDAsMSwyMTYsMTc2WiI+PC9wYXRoPjwvc3ZnPg==\" alt=\"\" style=\"object-fit:cover\"\/><\/figure>\n\n\n\n<div class=\"wp-block-group wp-container-content-958eb9dc has-global-padding is-layout-constrained wp-container-core-group-is-layout-c06d165c wp-block-group-is-layout-constrained\" style=\"padding-top:0;padding-right:0;padding-bottom:0;padding-left:0\">\n<h3 class=\"wp-block-heading\">Works and minor repairs<\/h3>\n\n\n\n<p>Monitoring minor repairs<\/p>\n\n\n\n<p>Coordination for minor renovations<\/p>\n\n\n\n<p>Emergency management (leaks, breakdowns, breakages)<\/p>\n<\/div>\n<\/div>\n<\/div>\n<\/div>\n<\/div>\n<\/div>\n<\/div>\n\n\n\n<div class=\"wp-block-group alignfull is-style-ext-preset--group--natural-1--section has-tertiary-background-color has-background has-global-padding is-layout-constrained wp-container-core-group-is-layout-18437aeb wp-block-group-is-layout-constrained\" style=\"margin-top:0;margin-bottom:0;padding-top:var(--wp--preset--spacing--70);padding-right:0;padding-bottom:var(--wp--preset--spacing--70);padding-left:0\">\n<div class=\"wp-block-group alignwide is-style-ext-preset--group--natural-1--item-card-1--align-start has-global-padding is-layout-constrained wp-block-group-is-layout-constrained is-style-ext-preset--group--natural-1--item-card-1--align-start--7\">\n<div class=\"wp-block-cover alignwide is-style-ext-preset--cover--natural-1--cover-overlay-1 is-style-ext-preset--cover--natural-1--cover-overlay-1--8\" style=\"padding-top:var(--wp--preset--spacing--50);padding-right:var(--wp--preset--spacing--30);padding-bottom:var(--wp--preset--spacing--50);padding-left:var(--wp--preset--spacing--30)\"><img loading=\"lazy\" decoding=\"async\" width=\"1024\" height=\"682\" class=\"wp-block-cover__image-background wp-image-524 size-large\" alt=\"\" src=\"https:\/\/agence3bastides.com\/wp-content\/uploads\/2026\/02\/23555986-bed-room-8900768_1280-1024x682.jpg\" data-object-fit=\"cover\" srcset=\"https:\/\/agence3bastides.com\/wp-content\/uploads\/2026\/02\/23555986-bed-room-8900768_1280-1024x682.jpg 1024w, https:\/\/agence3bastides.com\/wp-content\/uploads\/2026\/02\/23555986-bed-room-8900768_1280-300x200.jpg 300w, https:\/\/agence3bastides.com\/wp-content\/uploads\/2026\/02\/23555986-bed-room-8900768_1280-768x512.jpg 768w, https:\/\/agence3bastides.com\/wp-content\/uploads\/2026\/02\/23555986-bed-room-8900768_1280-18x12.jpg 18w, https:\/\/agence3bastides.com\/wp-content\/uploads\/2026\/02\/23555986-bed-room-8900768_1280.jpg 1280w\" sizes=\"auto, (max-width: 1024px) 100vw, 1024px\" \/><span aria-hidden=\"true\" class=\"wp-block-cover__background has-background-dim-80 has-background-dim\" style=\"background-color:#010101\"><\/span><div class=\"wp-block-cover__inner-container has-global-padding is-layout-constrained wp-container-core-cover-is-layout-1c074333 wp-block-cover-is-layout-constrained\">\n<div class=\"wp-block-group alignwide is-vertical is-content-justification-center is-layout-flex wp-container-core-group-is-layout-b5c398d7 wp-block-group-is-layout-flex\" style=\"padding-top:0;padding-right:0;padding-bottom:0;padding-left:0\">\n<div class=\"wp-block-group has-global-padding is-layout-constrained wp-container-core-group-is-layout-f1e34d34 wp-block-group-is-layout-constrained\" style=\"padding-top:0;padding-right:0;padding-bottom:0;padding-left:0\">\n<h2 class=\"wp-block-heading has-text-align-center has-x-large-font-size\" style=\"margin-bottom:24px\">Entrust us with the management of your holiday home in Aveyron today.<\/h2>\n<\/div>\n\n\n\n<div class=\"wp-block-buttons is-layout-flex wp-block-buttons-is-layout-flex\">\n<div class=\"wp-block-button is-style-ext-preset--button--natural-1--button-1 is-style-ext-preset--button--natural-1--button-1--9\"><a class=\"wp-block-button__link wp-element-button\" href=\"https:\/\/agence3bastides.com\/en\/contact\/\">Contact us<\/a><\/div>\n<\/div>\n<\/div>\n<\/div><\/div>\n<\/div>\n<\/div>","protected":false},"excerpt":{"rendered":"<p>Notre Expertise en Gestion de Maisons Secondaires en Aveyron Vous cherchez une personne de confiance pour veiller sur votre r\u00e9sidence secondaire en Aveyron ?L\u2019agence des 3 Bastides vous propose un service de gestion pour votre maison secondaire en Aveyron complet pour prendre soin de votre bien pendant vos p\u00e9riodes d\u2019absence. Gestion de maisons secondaires en [&hellip;]<\/p>\n","protected":false},"author":1,"featured_media":0,"parent":0,"menu_order":0,"comment_status":"closed","ping_status":"closed","template":"page-with-title","meta":{"footnotes":""},"class_list":["post-631","page","type-page","status-publish","hentry"],"yoast_head":"<!-- This site is optimized with the Yoast SEO plugin v27.4 - https:\/\/yoast.com\/product\/yoast-seo-wordpress\/ -->\n<title>Gestion maison secondaire Aveyron Services Maisons Secondaires -<\/title>\n<meta name=\"description\" content=\"Service de gestion maison secondaire en Aveyron : entretien, pr\u00e9paration avant arriv\u00e9e, surveillance, sur mesure pour votre tranquillit\u00e9\" \/>\n<meta name=\"robots\" content=\"index, follow, max-snippet:-1, max-image-preview:large, max-video-preview:-1\" \/>\n<link rel=\"canonical\" href=\"https:\/\/agence3bastides.com\/en\/gestion-maison-secondaire-en-aveyron\/\" \/>\n<meta property=\"og:locale\" content=\"en_GB\" \/>\n<meta property=\"og:type\" content=\"article\" \/>\n<meta property=\"og:title\" content=\"Gestion maison secondaire Aveyron Services Maisons Secondaires -\" \/>\n<meta property=\"og:description\" content=\"Service de gestion maison secondaire en Aveyron : entretien, pr\u00e9paration avant arriv\u00e9e, surveillance, sur mesure pour votre tranquillit\u00e9\" \/>\n<meta property=\"og:url\" content=\"https:\/\/agence3bastides.com\/en\/gestion-maison-secondaire-en-aveyron\/\" \/>\n<meta property=\"og:site_name\" content=\"Agence des 3 Bastides\" \/>\n<meta property=\"article:modified_time\" content=\"2026-03-03T13:05:06+00:00\" \/>\n<meta property=\"og:image\" content=\"https:\/\/agence3bastides.com\/wp-content\/uploads\/2026\/02\/kaboompics-key-791641_1280.jpg\" \/>\n\t<meta property=\"og:image:width\" content=\"1280\" \/>\n\t<meta property=\"og:image:height\" content=\"853\" \/>\n\t<meta property=\"og:image:type\" content=\"image\/jpeg\" \/>\n<meta name=\"twitter:card\" content=\"summary_large_image\" \/>\n<meta name=\"twitter:label1\" content=\"Estimated reading time\" \/>\n\t<meta name=\"twitter:data1\" content=\"2 minutes\" \/>\n<script type=\"application\/ld+json\" class=\"yoast-schema-graph\">{\"@context\":\"https:\\\/\\\/schema.org\",\"@graph\":[{\"@type\":\"WebPage\",\"@id\":\"https:\\\/\\\/agence3bastides.com\\\/gestion-maison-secondaire-en-aveyron\\\/\",\"url\":\"https:\\\/\\\/agence3bastides.com\\\/gestion-maison-secondaire-en-aveyron\\\/\",\"name\":\"Gestion maison secondaire Aveyron Services Maisons Secondaires -\",\"isPartOf\":{\"@id\":\"https:\\\/\\\/agence3bastides.com\\\/#website\"},\"primaryImageOfPage\":{\"@id\":\"https:\\\/\\\/agence3bastides.com\\\/gestion-maison-secondaire-en-aveyron\\\/#primaryimage\"},\"image\":{\"@id\":\"https:\\\/\\\/agence3bastides.com\\\/gestion-maison-secondaire-en-aveyron\\\/#primaryimage\"},\"thumbnailUrl\":\"https:\\\/\\\/agence3bastides.com\\\/wp-content\\\/uploads\\\/2026\\\/02\\\/kaboompics-key-791641_1280.jpg\",\"datePublished\":\"2026-02-06T10:46:10+00:00\",\"dateModified\":\"2026-03-03T13:05:06+00:00\",\"description\":\"Service de gestion maison secondaire en Aveyron : entretien, pr\u00e9paration avant arriv\u00e9e, surveillance, sur mesure pour votre tranquillit\u00e9\",\"breadcrumb\":{\"@id\":\"https:\\\/\\\/agence3bastides.com\\\/gestion-maison-secondaire-en-aveyron\\\/#breadcrumb\"},\"inLanguage\":\"en-GB\",\"potentialAction\":[{\"@type\":\"ReadAction\",\"target\":[\"https:\\\/\\\/agence3bastides.com\\\/gestion-maison-secondaire-en-aveyron\\\/\"]}]},{\"@type\":\"ImageObject\",\"inLanguage\":\"en-GB\",\"@id\":\"https:\\\/\\\/agence3bastides.com\\\/gestion-maison-secondaire-en-aveyron\\\/#primaryimage\",\"url\":\"https:\\\/\\\/agence3bastides.com\\\/wp-content\\\/uploads\\\/2026\\\/02\\\/kaboompics-key-791641_1280.jpg\",\"contentUrl\":\"https:\\\/\\\/agence3bastides.com\\\/wp-content\\\/uploads\\\/2026\\\/02\\\/kaboompics-key-791641_1280.jpg\"},{\"@type\":\"BreadcrumbList\",\"@id\":\"https:\\\/\\\/agence3bastides.com\\\/gestion-maison-secondaire-en-aveyron\\\/#breadcrumb\",\"itemListElement\":[{\"@type\":\"ListItem\",\"position\":1,\"name\":\"Accueil\",\"item\":\"https:\\\/\\\/agence3bastides.com\\\/\"},{\"@type\":\"ListItem\",\"position\":2,\"name\":\"Services Maisons Secondaires\"}]},{\"@type\":\"WebSite\",\"@id\":\"https:\\\/\\\/agence3bastides.com\\\/#website\",\"url\":\"https:\\\/\\\/agence3bastides.com\\\/\",\"name\":\"Agence des 3 Bastides\",\"description\":\"Agence des 3 Badtides\",\"publisher\":{\"@id\":\"https:\\\/\\\/agence3bastides.com\\\/#organization\"},\"potentialAction\":[{\"@type\":\"SearchAction\",\"target\":{\"@type\":\"EntryPoint\",\"urlTemplate\":\"https:\\\/\\\/agence3bastides.com\\\/?s={search_term_string}\"},\"query-input\":{\"@type\":\"PropertyValueSpecification\",\"valueRequired\":true,\"valueName\":\"search_term_string\"}}],\"inLanguage\":\"en-GB\"},{\"@type\":\"Organization\",\"@id\":\"https:\\\/\\\/agence3bastides.com\\\/#organization\",\"name\":\"Agence des 3 Bastides\",\"url\":\"https:\\\/\\\/agence3bastides.com\\\/\",\"logo\":{\"@type\":\"ImageObject\",\"inLanguage\":\"en-GB\",\"@id\":\"https:\\\/\\\/agence3bastides.com\\\/#\\\/schema\\\/logo\\\/image\\\/\",\"url\":\"https:\\\/\\\/agence3bastides.com\\\/wp-content\\\/uploads\\\/2026\\\/02\\\/logo-transparent.png\",\"contentUrl\":\"https:\\\/\\\/agence3bastides.com\\\/wp-content\\\/uploads\\\/2026\\\/02\\\/logo-transparent.png\",\"width\":1500,\"height\":1000,\"caption\":\"Agence des 3 Bastides\"},\"image\":{\"@id\":\"https:\\\/\\\/agence3bastides.com\\\/#\\\/schema\\\/logo\\\/image\\\/\"}}]}<\/script>\n<!-- \/ Yoast SEO plugin. -->","yoast_head_json":{"title":"Gestion maison secondaire Aveyron Services Maisons Secondaires -","description":"Service de gestion maison secondaire en Aveyron : entretien, pr\u00e9paration avant arriv\u00e9e, surveillance, sur mesure pour votre tranquillit\u00e9","robots":{"index":"index","follow":"follow","max-snippet":"max-snippet:-1","max-image-preview":"max-image-preview:large","max-video-preview":"max-video-preview:-1"},"canonical":"https:\/\/agence3bastides.com\/en\/gestion-maison-secondaire-en-aveyron\/","og_locale":"en_GB","og_type":"article","og_title":"Gestion maison secondaire Aveyron Services Maisons Secondaires -","og_description":"Service de gestion maison secondaire en Aveyron : entretien, pr\u00e9paration avant arriv\u00e9e, surveillance, sur mesure pour votre tranquillit\u00e9","og_url":"https:\/\/agence3bastides.com\/en\/gestion-maison-secondaire-en-aveyron\/","og_site_name":"Agence des 3 Bastides","article_modified_time":"2026-03-03T13:05:06+00:00","og_image":[{"width":1280,"height":853,"url":"https:\/\/agence3bastides.com\/wp-content\/uploads\/2026\/02\/kaboompics-key-791641_1280.jpg","type":"image\/jpeg"}],"twitter_card":"summary_large_image","twitter_misc":{"Estimated reading time":"2 minutes"},"schema":{"@context":"https:\/\/schema.org","@graph":[{"@type":"WebPage","@id":"https:\/\/agence3bastides.com\/gestion-maison-secondaire-en-aveyron\/","url":"https:\/\/agence3bastides.com\/gestion-maison-secondaire-en-aveyron\/","name":"Gestion maison secondaire Aveyron Services Maisons Secondaires -","isPartOf":{"@id":"https:\/\/agence3bastides.com\/#website"},"primaryImageOfPage":{"@id":"https:\/\/agence3bastides.com\/gestion-maison-secondaire-en-aveyron\/#primaryimage"},"image":{"@id":"https:\/\/agence3bastides.com\/gestion-maison-secondaire-en-aveyron\/#primaryimage"},"thumbnailUrl":"https:\/\/agence3bastides.com\/wp-content\/uploads\/2026\/02\/kaboompics-key-791641_1280.jpg","datePublished":"2026-02-06T10:46:10+00:00","dateModified":"2026-03-03T13:05:06+00:00","description":"Service de gestion maison secondaire en Aveyron : entretien, pr\u00e9paration avant arriv\u00e9e, surveillance, sur mesure pour votre tranquillit\u00e9","breadcrumb":{"@id":"https:\/\/agence3bastides.com\/gestion-maison-secondaire-en-aveyron\/#breadcrumb"},"inLanguage":"en-GB","potentialAction":[{"@type":"ReadAction","target":["https:\/\/agence3bastides.com\/gestion-maison-secondaire-en-aveyron\/"]}]},{"@type":"ImageObject","inLanguage":"en-GB","@id":"https:\/\/agence3bastides.com\/gestion-maison-secondaire-en-aveyron\/#primaryimage","url":"https:\/\/agence3bastides.com\/wp-content\/uploads\/2026\/02\/kaboompics-key-791641_1280.jpg","contentUrl":"https:\/\/agence3bastides.com\/wp-content\/uploads\/2026\/02\/kaboompics-key-791641_1280.jpg"},{"@type":"BreadcrumbList","@id":"https:\/\/agence3bastides.com\/gestion-maison-secondaire-en-aveyron\/#breadcrumb","itemListElement":[{"@type":"ListItem","position":1,"name":"Accueil","item":"https:\/\/agence3bastides.com\/"},{"@type":"ListItem","position":2,"name":"Services Maisons Secondaires"}]},{"@type":"WebSite","@id":"https:\/\/agence3bastides.com\/#website","url":"https:\/\/agence3bastides.com\/","name":"Agence des 3 Bastides","description":"Agence des 3 Badtides","publisher":{"@id":"https:\/\/agence3bastides.com\/#organization"},"potentialAction":[{"@type":"SearchAction","target":{"@type":"EntryPoint","urlTemplate":"https:\/\/agence3bastides.com\/?s={search_term_string}"},"query-input":{"@type":"PropertyValueSpecification","valueRequired":true,"valueName":"search_term_string"}}],"inLanguage":"en-GB"},{"@type":"Organization","@id":"https:\/\/agence3bastides.com\/#organization","name":"Agence des 3 Bastides","url":"https:\/\/agence3bastides.com\/","logo":{"@type":"ImageObject","inLanguage":"en-GB","@id":"https:\/\/agence3bastides.com\/#\/schema\/logo\/image\/","url":"https:\/\/agence3bastides.com\/wp-content\/uploads\/2026\/02\/logo-transparent.png","contentUrl":"https:\/\/agence3bastides.com\/wp-content\/uploads\/2026\/02\/logo-transparent.png","width":1500,"height":1000,"caption":"Agence des 3 Bastides"},"image":{"@id":"https:\/\/agence3bastides.com\/#\/schema\/logo\/image\/"}}]}},"jetpack_sharing_enabled":true,"_links":{"self":[{"href":"https:\/\/agence3bastides.com\/en\/wp-json\/wp\/v2\/pages\/631","targetHints":{"allow":["GET"]}}],"collection":[{"href":"https:\/\/agence3bastides.com\/en\/wp-json\/wp\/v2\/pages"}],"about":[{"href":"https:\/\/agence3bastides.com\/en\/wp-json\/wp\/v2\/types\/page"}],"author":[{"embeddable":true,"href":"https:\/\/agence3bastides.com\/en\/wp-json\/wp\/v2\/users\/1"}],"replies":[{"embeddable":true,"href":"https:\/\/agence3bastides.com\/en\/wp-json\/wp\/v2\/comments?post=631"}],"version-history":[{"count":9,"href":"https:\/\/agence3bastides.com\/en\/wp-json\/wp\/v2\/pages\/631\/revisions"}],"predecessor-version":[{"id":1143,"href":"https:\/\/agence3bastides.com\/en\/wp-json\/wp\/v2\/pages\/631\/revisions\/1143"}],"wp:attachment":[{"href":"https:\/\/agence3bastides.com\/en\/wp-json\/wp\/v2\/media?parent=631"}],"curies":[{"name":"wp","href":"https:\/\/api.w.org\/{rel}","templated":true}]}}