{"id":494,"date":"2026-02-04T12:01:10","date_gmt":"2026-02-04T12:01:10","guid":{"rendered":"https:\/\/agence3bastides.com\/?page_id=494"},"modified":"2026-04-20T07:01:17","modified_gmt":"2026-04-20T07:01:17","slug":"qui-sommes-nous","status":"publish","type":"page","link":"https:\/\/agence3bastides.com\/en\/qui-sommes-nous\/","title":{"rendered":"Qui sommes-nous ?"},"content":{"rendered":"<div class=\"wp-block-cover alignfull has-parallax\" style=\"min-height:561px;aspect-ratio:unset;\"><div class=\"wp-block-cover__image-background wp-image-178 size-full has-parallax\" style=\"background-position:50% 50%;background-image:url(https:\/\/agence3bastides.com\/wp-content\/uploads\/2026\/02\/22157-yves-banza-splouestaveyrontourisme-1800px-1920x1080-f50_50.webp)\"><\/div><span aria-hidden=\"true\" class=\"wp-block-cover__background has-background-dim\" style=\"background-color:#697470\"><\/span><div class=\"wp-block-cover__inner-container has-global-padding is-layout-constrained wp-block-cover-is-layout-constrained\">\n<p class=\"has-text-align-center has-text-color has-background has-noto-serif-display-font-family has-xx-large-font-size\" style=\"color:#ffffff;background-color:#c7b7ad00;margin-left:0;padding-right:0;padding-left:0;font-style:normal;font-weight:700\">Who are we? <\/p>\n<\/div><\/div>\n\n\n\n<div class=\"wp-block-group alignfull is-style-ext-preset--group--natural-1--section has-background-background-color has-background has-global-padding is-layout-constrained wp-block-group-is-layout-constrained\" style=\"margin-top:0;margin-bottom:0;padding-top:var(--wp--preset--spacing--70);padding-bottom:var(--wp--preset--spacing--70)\">\n<div class=\"wp-block-columns alignwide are-vertically-aligned-center is-layout-flex wp-container-core-columns-is-layout-174606dc wp-block-columns-is-layout-flex\">\n<div class=\"wp-block-column is-vertically-aligned-center is-layout-flow wp-block-column-is-layout-flow\">\n<figure class=\"wp-block-image size-full is-style-ext-preset--image--natural-1--image-1--content-right is-style-ext-preset--image--natural-1--image-1--content-right--2\"><img loading=\"lazy\" decoding=\"async\" width=\"1280\" height=\"853\" src=\"https:\/\/agence3bastides.com\/wp-content\/uploads\/2026\/02\/23555986-bed-room-8900768_1280.jpg\" alt=\"\" class=\"wp-image-524\" style=\"aspect-ratio:1;object-fit:cover\" srcset=\"https:\/\/agence3bastides.com\/wp-content\/uploads\/2026\/02\/23555986-bed-room-8900768_1280.jpg 1280w, https:\/\/agence3bastides.com\/wp-content\/uploads\/2026\/02\/23555986-bed-room-8900768_1280-300x200.jpg 300w, https:\/\/agence3bastides.com\/wp-content\/uploads\/2026\/02\/23555986-bed-room-8900768_1280-1024x682.jpg 1024w, https:\/\/agence3bastides.com\/wp-content\/uploads\/2026\/02\/23555986-bed-room-8900768_1280-768x512.jpg 768w, https:\/\/agence3bastides.com\/wp-content\/uploads\/2026\/02\/23555986-bed-room-8900768_1280-18x12.jpg 18w\" sizes=\"auto, (max-width: 1280px) 100vw, 1280px\" \/><\/figure>\n<\/div>\n\n\n\n<div class=\"wp-block-column is-vertically-aligned-center is-layout-flow wp-block-column-is-layout-flow\">\n<div class=\"wp-block-group alignwide is-vertical is-layout-flex wp-container-core-group-is-layout-c35747d5 wp-block-group-is-layout-flex\">\n<div class=\"wp-block-group has-global-padding is-layout-constrained wp-container-core-group-is-layout-dd32767c wp-block-group-is-layout-constrained\">\n<h2 class=\"wp-block-heading\">Comprehensive expertise at the service of your property project<\/h2>\n\n\n\n<p style=\"font-style:normal;font-weight:700\">L\u2019<strong>Agence des 3 Bastides<\/strong> is an independent agency based in <strong>Najac<\/strong>, specialised in <strong>three complementary areas<\/strong> :<br><strong>concierge services for property owners, concierge services for travellers, and property sales.<\/strong><\/p>\n\n\n\n<p>It is this comprehensive approach that enables us to support our clients at every stage of a property's life cycle: from letting to valuation, through to sale, via rigorous, high-quality management.<\/p>\n<\/div>\n<\/div>\n<\/div>\n<\/div>\n\n\n\n<div class=\"wp-block-columns alignwide are-vertically-aligned-center is-layout-flex wp-container-core-columns-is-layout-174606dc wp-block-columns-is-layout-flex\">\n<div class=\"wp-block-column is-vertically-aligned-center is-layout-flow wp-block-column-is-layout-flow\">\n<figure class=\"wp-block-image size-large is-style-ext-preset--image--natural-1--image-1--content-left is-style-ext-preset--image--natural-1--image-1--content-left--3\"><img loading=\"lazy\" decoding=\"async\" width=\"1024\" height=\"681\" src=\"https:\/\/agence3bastides.com\/wp-content\/uploads\/2026\/02\/lecreusois-aveyron-2823061_1280-1024x681.jpg\" alt=\"\" class=\"wp-image-525\" style=\"aspect-ratio:4\/3;object-fit:cover\" srcset=\"https:\/\/agence3bastides.com\/wp-content\/uploads\/2026\/02\/lecreusois-aveyron-2823061_1280-1024x681.jpg 1024w, https:\/\/agence3bastides.com\/wp-content\/uploads\/2026\/02\/lecreusois-aveyron-2823061_1280-300x199.jpg 300w, https:\/\/agence3bastides.com\/wp-content\/uploads\/2026\/02\/lecreusois-aveyron-2823061_1280-768x511.jpg 768w, https:\/\/agence3bastides.com\/wp-content\/uploads\/2026\/02\/lecreusois-aveyron-2823061_1280-18x12.jpg 18w, https:\/\/agence3bastides.com\/wp-content\/uploads\/2026\/02\/lecreusois-aveyron-2823061_1280.jpg 1280w\" sizes=\"auto, (max-width: 1024px) 100vw, 1024px\" \/><\/figure>\n<\/div>\n\n\n\n<div class=\"wp-block-column is-vertically-aligned-center is-layout-flow wp-block-column-is-layout-flow\">\n<div class=\"wp-block-group alignwide is-vertical is-layout-flex wp-container-core-group-is-layout-c35747d5 wp-block-group-is-layout-flex\">\n<div class=\"wp-block-group has-global-padding is-layout-constrained wp-container-core-group-is-layout-dd32767c wp-block-group-is-layout-constrained\">\n<h2 class=\"wp-block-heading\">Local presence, local support<\/h2>\n\n\n\n<p style=\"font-style:normal;font-weight:700\">Indeed, we operate in a <strong>radius of approximately 30 km around Najac<\/strong>, a deliberately controlled scope in order to guarantee:<\/p>\n\n\n\n<p>\u2714<strong>accurate and personalised monitoring of each property<\/strong><\/p>\n\n\n\n<p>\u2714 Regular presence on the field<\/p>\n\n\n\n<p>\u2714  high responsiveness<\/p>\n\n\n\n<p><em>We cover the municipalities of Najac, La Fouillade, Bor-et-Bar, Lunac, Sanvensa, Le Bas-S\u00e9gala, Morlhon-le-Haut, Villefranche-de-Rouergue, Lescure-Jaoul, La Salvetat-Peyral\u00e8s, Tayrac (12) Lagu\u00e9pie, Parisot, Ginals (82), Cordes-sur Ciel (81)<\/em><\/p>\n<\/div>\n<\/div>\n<\/div>\n<\/div>\n\n\n\n<div class=\"wp-block-group has-global-padding is-layout-constrained wp-block-group-is-layout-constrained\">\n<div class=\"wp-block-columns is-layout-flex wp-container-core-columns-is-layout-28f84493 wp-block-columns-is-layout-flex\">\n<div class=\"wp-block-column is-layout-flow wp-block-column-is-layout-flow\">\n<div style=\"height:69px\" aria-hidden=\"true\" class=\"wp-block-spacer\"><\/div>\n\n\n\n<div class=\"wp-block-group has-background has-global-padding is-layout-constrained wp-block-group-is-layout-constrained\" style=\"border-top-left-radius:100px;border-bottom-right-radius:100px;background-color:#041561ad\">\n<h2 class=\"wp-block-heading has-text-align-center has-text-color has-link-color wp-elements-f4ead0caf825ce509640e20d1be3d8b8\" style=\"color:#ffffff\">Our commitment<\/h2>\n\n\n\n<div style=\"height:18px\" aria-hidden=\"true\" class=\"wp-block-spacer\"><\/div>\n\n\n\n<p class=\"has-text-align-center has-text-color has-link-color wp-elements-7fbb64ea258dfd4dd7e0b5545267b940\" style=\"color:#ffffff\">\u2714 Recognised local expertise<br>\u2714 Rigorous and personalised managemen<br>\u2714 Welcoming quality travellers<br>\u2714 Comprehensive overview of real estate assets<\/p>\n<\/div>\n<\/div>\n<\/div>\n<\/div>\n<\/div>\n\n\n\n<div class=\"wp-block-group alignfull is-style-ext-preset--group--natural-1--section has-tertiary-background-color has-background has-global-padding is-layout-constrained wp-container-core-group-is-layout-e955bbaf wp-block-group-is-layout-constrained\" style=\"margin-top:0;margin-bottom:0;padding-top:var(--wp--preset--spacing--70);padding-bottom:var(--wp--preset--spacing--70)\">\n<div class=\"wp-block-group alignwide is-vertical is-layout-flex wp-container-core-group-is-layout-c35747d5 wp-block-group-is-layout-flex\">\n<div class=\"wp-block-group has-global-padding is-layout-constrained wp-container-core-group-is-layout-2287c683 wp-block-group-is-layout-constrained\">\n<h2 class=\"wp-block-heading\">Nos 3 services compl\u00e9mentaires<\/h2>\n<\/div>\n<\/div>\n\n\n\n<div class=\"wp-block-columns alignwide is-layout-flex wp-container-core-columns-is-layout-08c01c1c wp-block-columns-is-layout-flex\">\n<div class=\"wp-block-column is-vertically-aligned-stretch is-layout-flow wp-block-column-is-layout-flow\">\n<div class=\"wp-block-group is-style-ext-preset--group--natural-1--item-card-1--align-start has-global-padding is-layout-constrained wp-block-group-is-layout-constrained is-style-ext-preset--group--natural-1--item-card-1--align-start--5\">\n<figure class=\"wp-block-image size-large\"><img loading=\"lazy\" decoding=\"async\" width=\"726\" height=\"1024\" src=\"https:\/\/agence3bastides.com\/wp-content\/uploads\/2025\/03\/le-726x1024.png\" alt=\"\" class=\"wp-image-91\" style=\"aspect-ratio:1;object-fit:cover\" srcset=\"https:\/\/agence3bastides.com\/wp-content\/uploads\/2025\/03\/le-726x1024.png 726w, https:\/\/agence3bastides.com\/wp-content\/uploads\/2025\/03\/le-213x300.png 213w, https:\/\/agence3bastides.com\/wp-content\/uploads\/2025\/03\/le-768x1083.png 768w, https:\/\/agence3bastides.com\/wp-content\/uploads\/2025\/03\/le-1090x1536.png 1090w, https:\/\/agence3bastides.com\/wp-content\/uploads\/2025\/03\/le.png 1240w\" sizes=\"auto, (max-width: 726px) 100vw, 726px\" \/><\/figure>\n\n\n\n<div class=\"wp-block-group is-style-default has-global-padding is-layout-constrained wp-block-group-is-layout-constrained\">\n<h3 class=\"wp-block-heading\" style=\"font-size:clamp(14px, 0.875rem + ((1vw - 3.2px) * 0.625), 20px);\"><a href=\"https:\/\/agence3bastides.com\/en\/conciergerie-proprietaire\/\">Property management for owners: peace of mind and performance<\/a><\/h3>\n\n\n\n<p>We support homeowners in <strong>short-term rental<\/strong> with an offer of <strong>comprehensive and bespoke management.<\/strong>.<br>Our mission is to free you from all constraints while <strong>optimising the profitability of your property.<\/strong>.<\/p>\n\n\n\n<p>From creating listings to managing bookings, including maintenance, property monitoring and guest relations, we provide reliable, transparent and professional management services.<\/p>\n<\/div>\n<\/div>\n<\/div>\n\n\n\n<div class=\"wp-block-column is-vertically-aligned-stretch is-layout-flow wp-block-column-is-layout-flow\">\n<div class=\"wp-block-group is-style-ext-preset--group--natural-1--item-card-1--align-start has-global-padding is-layout-constrained wp-block-group-is-layout-constrained is-style-ext-preset--group--natural-1--item-card-1--align-start--6\">\n<figure class=\"wp-block-image size-full is-resized\"><img loading=\"lazy\" decoding=\"async\" width=\"1280\" height=\"853\" src=\"https:\/\/agence3bastides.com\/wp-content\/uploads\/2026\/02\/kaboompics-key-791641_1280.jpg\" alt=\"\" class=\"wp-image-765\" style=\"aspect-ratio:1;object-fit:cover;width:395px;height:auto\" srcset=\"https:\/\/agence3bastides.com\/wp-content\/uploads\/2026\/02\/kaboompics-key-791641_1280.jpg 1280w, https:\/\/agence3bastides.com\/wp-content\/uploads\/2026\/02\/kaboompics-key-791641_1280-300x200.jpg 300w, https:\/\/agence3bastides.com\/wp-content\/uploads\/2026\/02\/kaboompics-key-791641_1280-1024x682.jpg 1024w, https:\/\/agence3bastides.com\/wp-content\/uploads\/2026\/02\/kaboompics-key-791641_1280-768x512.jpg 768w, https:\/\/agence3bastides.com\/wp-content\/uploads\/2026\/02\/kaboompics-key-791641_1280-18x12.jpg 18w\" sizes=\"auto, (max-width: 1280px) 100vw, 1280px\" \/><\/figure>\n\n\n\n<div class=\"wp-block-group is-style-default has-global-padding is-layout-constrained wp-block-group-is-layout-constrained\">\n<h3 class=\"wp-block-heading\" style=\"font-size:clamp(14px, 0.875rem + ((1vw - 3.2px) * 0.625), 20px);\"><a href=\"https:\/\/agence3bastides.com\/en\/conciergerie-voyageurs-evenementiel\/\">Events and traveller concierge services: a high-quality welcome<\/a><\/h3>\n\n\n\n<p>Our local concierge service is aimed at holidaymakers (families, couples, groups) and professionals alike. We offer simple, personalised support to help you organise your stay, events, activities and on-site services, either before or during your stay.<\/p>\n\n\n\n<p>Whether it's for a project as a couple, as a family or for a group, the Agency takes care of EVERYTHING for you!<\/p>\n<\/div>\n<\/div>\n<\/div>\n\n\n\n<div class=\"wp-block-column is-vertically-aligned-stretch is-layout-flow wp-block-column-is-layout-flow\">\n<div class=\"wp-block-group is-style-ext-preset--group--natural-1--item-card-1--align-start has-global-padding is-layout-constrained wp-block-group-is-layout-constrained is-style-ext-preset--group--natural-1--item-card-1--align-start--7\">\n<figure class=\"wp-block-image size-large\"><img loading=\"lazy\" decoding=\"async\" width=\"1024\" height=\"769\" src=\"https:\/\/agence3bastides.com\/wp-content\/uploads\/2026\/02\/be851edc485a31977ba4d8e73c80d6239182e03d-1024x769.jpg\" alt=\"\" class=\"wp-image-151\" style=\"aspect-ratio:1;object-fit:cover\" srcset=\"https:\/\/agence3bastides.com\/wp-content\/uploads\/2026\/02\/be851edc485a31977ba4d8e73c80d6239182e03d-1024x769.jpg 1024w, https:\/\/agence3bastides.com\/wp-content\/uploads\/2026\/02\/be851edc485a31977ba4d8e73c80d6239182e03d-300x225.jpg 300w, https:\/\/agence3bastides.com\/wp-content\/uploads\/2026\/02\/be851edc485a31977ba4d8e73c80d6239182e03d-768x577.jpg 768w, https:\/\/agence3bastides.com\/wp-content\/uploads\/2026\/02\/be851edc485a31977ba4d8e73c80d6239182e03d-16x12.jpg 16w, https:\/\/agence3bastides.com\/wp-content\/uploads\/2026\/02\/be851edc485a31977ba4d8e73c80d6239182e03d.jpg 1440w\" sizes=\"auto, (max-width: 1024px) 100vw, 1024px\" \/><\/figure>\n\n\n\n<div class=\"wp-block-group is-style-default has-global-padding is-layout-constrained wp-block-group-is-layout-constrained\">\n<h3 class=\"wp-block-heading\" style=\"font-size:clamp(14px, 0.875rem + ((1vw - 3.2px) * 0.625), 20px);\"><a href=\"https:\/\/agence3bastides.com\/en\/vente-immo\/\">Property sales: supporting your projects<\/a><\/h3>\n\n\n\n<p>In addition to our management services, Agence des 3 Bastides offers a <strong>support in property sales.<\/strong>.<br>We leverage our knowledge of the local market to support sellers and buyers with professionalism, transparency and proximity.<\/p>\n\n\n\n<p>Indeed, this dual expertise allows us to have a <strong>comprehensive view<\/strong> the goods we track.<\/p>\n<\/div>\n<\/div>\n<\/div>\n<\/div>\n<\/div>","protected":false},"excerpt":{"rendered":"<p>Une expertise globale au service de votre projet immobilier L\u2019Agence des 3 Bastides est une agence ind\u00e9pendante implant\u00e9e \u00e0 Najac, sp\u00e9cialis\u00e9e dans trois domaines compl\u00e9mentaires :la conciergerie pour les propri\u00e9taires, la conciergerie d\u00e9di\u00e9e aux voyageurs et la vente immobili\u00e8re. C&rsquo;est cette approche globale qui nous permet d\u2019accompagner nos clients \u00e0 chaque \u00e9tape de la vie [&hellip;]<\/p>\n","protected":false},"author":1,"featured_media":0,"parent":0,"menu_order":0,"comment_status":"closed","ping_status":"closed","template":"page-with-title","meta":{"footnotes":""},"class_list":["post-494","page","type-page","status-publish","hentry"],"yoast_head":"<!-- This site is optimized with the Yoast SEO plugin v27.4 - https:\/\/yoast.com\/product\/yoast-seo-wordpress\/ -->\n<title>Conciergerie, \u00e9v\u00e8nementiel, vente immobili\u00e8re - Qui sommes-nous ?<\/title>\n<meta name=\"description\" content=\"Agence \u00e0 Najac : Conciergerie, \u00e9v\u00e8nementiel, vente immobili\u00e8re. Accompagnement personnalis\u00e9, expertise locale, service sur mesure en Aveyron.\" \/>\n<meta name=\"robots\" content=\"index, follow, max-snippet:-1, max-image-preview:large, max-video-preview:-1\" \/>\n<link rel=\"canonical\" href=\"https:\/\/agence3bastides.com\/en\/qui-sommes-nous\/\" \/>\n<meta property=\"og:locale\" content=\"en_GB\" \/>\n<meta property=\"og:type\" content=\"article\" \/>\n<meta property=\"og:title\" content=\"Conciergerie, \u00e9v\u00e8nementiel, vente immobili\u00e8re - Qui sommes-nous ?\" \/>\n<meta property=\"og:description\" content=\"Agence \u00e0 Najac : Conciergerie, \u00e9v\u00e8nementiel, vente immobili\u00e8re. Accompagnement personnalis\u00e9, expertise locale, service sur mesure en Aveyron.\" \/>\n<meta property=\"og:url\" content=\"https:\/\/agence3bastides.com\/en\/qui-sommes-nous\/\" \/>\n<meta property=\"og:site_name\" content=\"Agence des 3 Bastides\" \/>\n<meta property=\"article:modified_time\" content=\"2026-04-20T07:01:17+00:00\" \/>\n<meta property=\"og:image\" content=\"https:\/\/agence3bastides.com\/wp-content\/uploads\/2026\/02\/23555986-bed-room-8900768_1280.jpg\" \/>\n\t<meta property=\"og:image:width\" content=\"1280\" \/>\n\t<meta property=\"og:image:height\" content=\"853\" \/>\n\t<meta property=\"og:image:type\" content=\"image\/jpeg\" \/>\n<meta name=\"twitter:card\" content=\"summary_large_image\" \/>\n<meta name=\"twitter:label1\" content=\"Estimated reading time\" \/>\n\t<meta name=\"twitter:data1\" content=\"3 minutes\" \/>\n<script type=\"application\/ld+json\" class=\"yoast-schema-graph\">{\"@context\":\"https:\\\/\\\/schema.org\",\"@graph\":[{\"@type\":\"WebPage\",\"@id\":\"https:\\\/\\\/agence3bastides.com\\\/qui-sommes-nous\\\/\",\"url\":\"https:\\\/\\\/agence3bastides.com\\\/qui-sommes-nous\\\/\",\"name\":\"Conciergerie, \u00e9v\u00e8nementiel, vente immobili\u00e8re - Qui sommes-nous ?\",\"isPartOf\":{\"@id\":\"https:\\\/\\\/agence3bastides.com\\\/#website\"},\"primaryImageOfPage\":{\"@id\":\"https:\\\/\\\/agence3bastides.com\\\/qui-sommes-nous\\\/#primaryimage\"},\"image\":{\"@id\":\"https:\\\/\\\/agence3bastides.com\\\/qui-sommes-nous\\\/#primaryimage\"},\"thumbnailUrl\":\"https:\\\/\\\/agence3bastides.com\\\/wp-content\\\/uploads\\\/2026\\\/02\\\/23555986-bed-room-8900768_1280.jpg\",\"datePublished\":\"2026-02-04T12:01:10+00:00\",\"dateModified\":\"2026-04-20T07:01:17+00:00\",\"description\":\"Agence \u00e0 Najac : Conciergerie, \u00e9v\u00e8nementiel, vente immobili\u00e8re. Accompagnement personnalis\u00e9, expertise locale, service sur mesure en Aveyron.\",\"breadcrumb\":{\"@id\":\"https:\\\/\\\/agence3bastides.com\\\/qui-sommes-nous\\\/#breadcrumb\"},\"inLanguage\":\"en-GB\",\"potentialAction\":[{\"@type\":\"ReadAction\",\"target\":[\"https:\\\/\\\/agence3bastides.com\\\/qui-sommes-nous\\\/\"]}]},{\"@type\":\"ImageObject\",\"inLanguage\":\"en-GB\",\"@id\":\"https:\\\/\\\/agence3bastides.com\\\/qui-sommes-nous\\\/#primaryimage\",\"url\":\"https:\\\/\\\/agence3bastides.com\\\/wp-content\\\/uploads\\\/2026\\\/02\\\/23555986-bed-room-8900768_1280.jpg\",\"contentUrl\":\"https:\\\/\\\/agence3bastides.com\\\/wp-content\\\/uploads\\\/2026\\\/02\\\/23555986-bed-room-8900768_1280.jpg\"},{\"@type\":\"BreadcrumbList\",\"@id\":\"https:\\\/\\\/agence3bastides.com\\\/qui-sommes-nous\\\/#breadcrumb\",\"itemListElement\":[{\"@type\":\"ListItem\",\"position\":1,\"name\":\"Accueil\",\"item\":\"https:\\\/\\\/agence3bastides.com\\\/\"},{\"@type\":\"ListItem\",\"position\":2,\"name\":\"Qui sommes-nous ?\"}]},{\"@type\":\"WebSite\",\"@id\":\"https:\\\/\\\/agence3bastides.com\\\/#website\",\"url\":\"https:\\\/\\\/agence3bastides.com\\\/\",\"name\":\"Agence des 3 Bastides\",\"description\":\"Agence des 3 Badtides\",\"publisher\":{\"@id\":\"https:\\\/\\\/agence3bastides.com\\\/#organization\"},\"potentialAction\":[{\"@type\":\"SearchAction\",\"target\":{\"@type\":\"EntryPoint\",\"urlTemplate\":\"https:\\\/\\\/agence3bastides.com\\\/?s={search_term_string}\"},\"query-input\":{\"@type\":\"PropertyValueSpecification\",\"valueRequired\":true,\"valueName\":\"search_term_string\"}}],\"inLanguage\":\"en-GB\"},{\"@type\":\"Organization\",\"@id\":\"https:\\\/\\\/agence3bastides.com\\\/#organization\",\"name\":\"Agence des 3 Bastides\",\"url\":\"https:\\\/\\\/agence3bastides.com\\\/\",\"logo\":{\"@type\":\"ImageObject\",\"inLanguage\":\"en-GB\",\"@id\":\"https:\\\/\\\/agence3bastides.com\\\/#\\\/schema\\\/logo\\\/image\\\/\",\"url\":\"https:\\\/\\\/agence3bastides.com\\\/wp-content\\\/uploads\\\/2026\\\/02\\\/logo-transparent.png\",\"contentUrl\":\"https:\\\/\\\/agence3bastides.com\\\/wp-content\\\/uploads\\\/2026\\\/02\\\/logo-transparent.png\",\"width\":1500,\"height\":1000,\"caption\":\"Agence des 3 Bastides\"},\"image\":{\"@id\":\"https:\\\/\\\/agence3bastides.com\\\/#\\\/schema\\\/logo\\\/image\\\/\"}}]}<\/script>\n<!-- \/ Yoast SEO plugin. -->","yoast_head_json":{"title":"Conciergerie, \u00e9v\u00e8nementiel, vente immobili\u00e8re - Qui sommes-nous ?","description":"Agence \u00e0 Najac : Conciergerie, \u00e9v\u00e8nementiel, vente immobili\u00e8re. Accompagnement personnalis\u00e9, expertise locale, service sur mesure en Aveyron.","robots":{"index":"index","follow":"follow","max-snippet":"max-snippet:-1","max-image-preview":"max-image-preview:large","max-video-preview":"max-video-preview:-1"},"canonical":"https:\/\/agence3bastides.com\/en\/qui-sommes-nous\/","og_locale":"en_GB","og_type":"article","og_title":"Conciergerie, \u00e9v\u00e8nementiel, vente immobili\u00e8re - Qui sommes-nous ?","og_description":"Agence \u00e0 Najac : Conciergerie, \u00e9v\u00e8nementiel, vente immobili\u00e8re. Accompagnement personnalis\u00e9, expertise locale, service sur mesure en Aveyron.","og_url":"https:\/\/agence3bastides.com\/en\/qui-sommes-nous\/","og_site_name":"Agence des 3 Bastides","article_modified_time":"2026-04-20T07:01:17+00:00","og_image":[{"width":1280,"height":853,"url":"https:\/\/agence3bastides.com\/wp-content\/uploads\/2026\/02\/23555986-bed-room-8900768_1280.jpg","type":"image\/jpeg"}],"twitter_card":"summary_large_image","twitter_misc":{"Estimated reading time":"3 minutes"},"schema":{"@context":"https:\/\/schema.org","@graph":[{"@type":"WebPage","@id":"https:\/\/agence3bastides.com\/qui-sommes-nous\/","url":"https:\/\/agence3bastides.com\/qui-sommes-nous\/","name":"Conciergerie, \u00e9v\u00e8nementiel, vente immobili\u00e8re - Qui sommes-nous ?","isPartOf":{"@id":"https:\/\/agence3bastides.com\/#website"},"primaryImageOfPage":{"@id":"https:\/\/agence3bastides.com\/qui-sommes-nous\/#primaryimage"},"image":{"@id":"https:\/\/agence3bastides.com\/qui-sommes-nous\/#primaryimage"},"thumbnailUrl":"https:\/\/agence3bastides.com\/wp-content\/uploads\/2026\/02\/23555986-bed-room-8900768_1280.jpg","datePublished":"2026-02-04T12:01:10+00:00","dateModified":"2026-04-20T07:01:17+00:00","description":"Agence \u00e0 Najac : Conciergerie, \u00e9v\u00e8nementiel, vente immobili\u00e8re. Accompagnement personnalis\u00e9, expertise locale, service sur mesure en Aveyron.","breadcrumb":{"@id":"https:\/\/agence3bastides.com\/qui-sommes-nous\/#breadcrumb"},"inLanguage":"en-GB","potentialAction":[{"@type":"ReadAction","target":["https:\/\/agence3bastides.com\/qui-sommes-nous\/"]}]},{"@type":"ImageObject","inLanguage":"en-GB","@id":"https:\/\/agence3bastides.com\/qui-sommes-nous\/#primaryimage","url":"https:\/\/agence3bastides.com\/wp-content\/uploads\/2026\/02\/23555986-bed-room-8900768_1280.jpg","contentUrl":"https:\/\/agence3bastides.com\/wp-content\/uploads\/2026\/02\/23555986-bed-room-8900768_1280.jpg"},{"@type":"BreadcrumbList","@id":"https:\/\/agence3bastides.com\/qui-sommes-nous\/#breadcrumb","itemListElement":[{"@type":"ListItem","position":1,"name":"Accueil","item":"https:\/\/agence3bastides.com\/"},{"@type":"ListItem","position":2,"name":"Qui sommes-nous ?"}]},{"@type":"WebSite","@id":"https:\/\/agence3bastides.com\/#website","url":"https:\/\/agence3bastides.com\/","name":"Agence des 3 Bastides","description":"Agence des 3 Badtides","publisher":{"@id":"https:\/\/agence3bastides.com\/#organization"},"potentialAction":[{"@type":"SearchAction","target":{"@type":"EntryPoint","urlTemplate":"https:\/\/agence3bastides.com\/?s={search_term_string}"},"query-input":{"@type":"PropertyValueSpecification","valueRequired":true,"valueName":"search_term_string"}}],"inLanguage":"en-GB"},{"@type":"Organization","@id":"https:\/\/agence3bastides.com\/#organization","name":"Agence des 3 Bastides","url":"https:\/\/agence3bastides.com\/","logo":{"@type":"ImageObject","inLanguage":"en-GB","@id":"https:\/\/agence3bastides.com\/#\/schema\/logo\/image\/","url":"https:\/\/agence3bastides.com\/wp-content\/uploads\/2026\/02\/logo-transparent.png","contentUrl":"https:\/\/agence3bastides.com\/wp-content\/uploads\/2026\/02\/logo-transparent.png","width":1500,"height":1000,"caption":"Agence des 3 Bastides"},"image":{"@id":"https:\/\/agence3bastides.com\/#\/schema\/logo\/image\/"}}]}},"jetpack_sharing_enabled":true,"_links":{"self":[{"href":"https:\/\/agence3bastides.com\/en\/wp-json\/wp\/v2\/pages\/494","targetHints":{"allow":["GET"]}}],"collection":[{"href":"https:\/\/agence3bastides.com\/en\/wp-json\/wp\/v2\/pages"}],"about":[{"href":"https:\/\/agence3bastides.com\/en\/wp-json\/wp\/v2\/types\/page"}],"author":[{"embeddable":true,"href":"https:\/\/agence3bastides.com\/en\/wp-json\/wp\/v2\/users\/1"}],"replies":[{"embeddable":true,"href":"https:\/\/agence3bastides.com\/en\/wp-json\/wp\/v2\/comments?post=494"}],"version-history":[{"count":19,"href":"https:\/\/agence3bastides.com\/en\/wp-json\/wp\/v2\/pages\/494\/revisions"}],"predecessor-version":[{"id":1538,"href":"https:\/\/agence3bastides.com\/en\/wp-json\/wp\/v2\/pages\/494\/revisions\/1538"}],"wp:attachment":[{"href":"https:\/\/agence3bastides.com\/en\/wp-json\/wp\/v2\/media?parent=494"}],"curies":[{"name":"wp","href":"https:\/\/api.w.org\/{rel}","templated":true}]}}