{"id":121,"date":"2026-02-02T11:54:38","date_gmt":"2026-02-02T11:54:38","guid":{"rendered":"https:\/\/agence3bastides.com\/services\/"},"modified":"2026-02-28T10:08:27","modified_gmt":"2026-02-28T10:08:27","slug":"services","status":"publish","type":"page","link":"https:\/\/agence3bastides.com\/en\/services\/","title":{"rendered":"Services"},"content":{"rendered":"<div class=\"wp-block-group alignfull is-style-ext-preset--group--natural-1--section has-background-background-color has-background has-global-padding is-layout-constrained wp-container-core-group-is-layout-e955bbaf wp-block-group-is-layout-constrained\" id=\"services\" style=\"margin-top:0;margin-bottom:0;padding-top:var(--wp--preset--spacing--70);padding-bottom:var(--wp--preset--spacing--70)\">\n<div class=\"wp-block-group alignwide is-vertical is-layout-flex wp-container-core-group-is-layout-c35747d5 wp-block-group-is-layout-flex\">\n<div class=\"wp-block-group has-global-padding is-layout-constrained wp-container-core-group-is-layout-5e05634a wp-block-group-is-layout-constrained\">\n<h2 class=\"wp-block-heading\">Our 3 services<\/h2>\n\n\n\n<p class=\"has-text-align-left\">Discover our three key services: personalised management for owners, tailor-made hospitality for travellers, and support with property sales.<\/p>\n<\/div>\n<\/div>\n\n\n\n<div class=\"wp-block-columns alignwide is-layout-flex wp-container-core-columns-is-layout-08c01c1c wp-block-columns-is-layout-flex\">\n<div class=\"wp-block-column is-vertically-aligned-stretch is-layout-flow wp-container-core-column-is-layout-f5bb311e wp-block-column-is-layout-flow\">\n<div class=\"wp-block-group is-style-ext-preset--group--natural-1--item-card-1--align-start has-global-padding is-layout-constrained wp-block-group-is-layout-constrained is-style-ext-preset--group--natural-1--item-card-1--align-start--2\">\n<div class=\"wp-block-group is-style-default has-global-padding is-layout-constrained wp-block-group-is-layout-constrained\">\n<div class=\"wp-block-group is-nowrap is-layout-flex wp-container-core-group-is-layout-64fa2afa wp-block-group-is-layout-flex\" style=\"padding-top:0;padding-right:0;padding-bottom:0;padding-left:0\">\n<figure class=\"wp-block-image size-large ext-aspect-landscape wp-duotone-primary-foreground\"><img decoding=\"async\" src=\"data:image\/svg+xml;base64,PHN2ZyB4bWxucz0iaHR0cDovL3d3dy53My5vcmcvMjAwMC9zdmciIHdpZHRoPSI0OCIgaGVpZ2h0PSI0OCIgZmlsbD0iIzAwMDAwMCIgdmlld0JveD0iMCAwIDI1NiAyNTYiPjxwYXRoIGQ9Ik0xNzIsNzZhNDQsNDQsMCwxLDAtNDQsNDRBNDQuMDUsNDQuMDUsMCwwLDAsMTcyLDc2Wm0tNDQsMjhhMjgsMjgsMCwxLDEsMjgtMjhBMjgsMjgsMCwwLDEsMTI4LDEwNFptNjAsMjRhNDQsNDQsMCwxLDAsNDQsNDRBNDQuMDUsNDQuMDUsMCwwLDAsMTg4LDEyOFptMCw3MmEyOCwyOCwwLDEsMSwyOC0yOEEyOCwyOCwwLDAsMSwxODgsMjAwWk02OCwxMjhhNDQsNDQsMCwxLDAsNDQsNDRBNDQuMDUsNDQuMDUsMCwwLDAsNjgsMTI4Wm0wLDcyYTI4LDI4LDAsMSwxLDI4LTI4QTI4LDI4LDAsMCwxLDY4LDIwMFoiPjwvcGF0aD48L3N2Zz4=\" alt=\"\" style=\"object-fit:cover\"\/><\/figure>\n\n\n\n<div class=\"wp-block-group wp-container-content-958eb9dc has-global-padding is-layout-constrained wp-container-core-group-is-layout-c06d165c wp-block-group-is-layout-constrained\" style=\"padding-top:0;padding-right:0;padding-bottom:0;padding-left:0\">\n<h3 class=\"wp-block-heading\">Concierge services for owners<\/h3>\n\n\n\n<p>We take care of the complete and secure management of your property, giving you complete peace of mind.<\/p>\n<\/div>\n<\/div>\n<\/div>\n<\/div>\n<\/div>\n\n\n\n<div class=\"wp-block-column is-vertically-aligned-stretch is-layout-flow wp-container-core-column-is-layout-f5bb311e wp-block-column-is-layout-flow\">\n<div class=\"wp-block-group is-style-ext-preset--group--natural-1--item-card-1--align-start has-global-padding is-layout-constrained wp-block-group-is-layout-constrained is-style-ext-preset--group--natural-1--item-card-1--align-start--3\">\n<div class=\"wp-block-group is-style-default has-global-padding is-layout-constrained wp-block-group-is-layout-constrained\">\n<div class=\"wp-block-group is-nowrap is-layout-flex wp-container-core-group-is-layout-64fa2afa wp-block-group-is-layout-flex\" style=\"padding-top:0;padding-right:0;padding-bottom:0;padding-left:0\">\n<figure class=\"wp-block-image size-large ext-aspect-landscape wp-duotone-primary-foreground\"><img decoding=\"async\" src=\"data:image\/svg+xml;base64,PHN2ZyB4bWxucz0iaHR0cDovL3d3dy53My5vcmcvMjAwMC9zdmciIHdpZHRoPSI0OCIgaGVpZ2h0PSI0OCIgZmlsbD0iIzAwMDAwMCIgdmlld0JveD0iMCAwIDI1NiAyNTYiPjxwYXRoIGQ9Ik04MCw0MGE0MCw0MCwwLDEsMCw0MCw0MEE0MCw0MCwwLDAsMCw4MCw0MFptMCw2NGEyNCwyNCwwLDEsMSwyNC0yNEEyNCwyNCwwLDAsMSw4MCwxMDRabTk2LDE2YTQwLDQwLDAsMSwwLTQwLTQwQTQwLDQwLDAsMCwwLDE3NiwxMjBabTAtNjRhMjQsMjQsMCwxLDEtMjQsMjRBMjQsMjQsMCwwLDEsMTc2LDU2Wk04MCwxMzZhNDAsNDAsMCwxLDAsNDAsNDBBNDAsNDAsMCwwLDAsODAsMTM2Wm0wLDY0YTI0LDI0LDAsMSwxLDI0LTI0QTI0LDI0LDAsMCwxLDgwLDIwMFptOTYtNjRhNDAsNDAsMCwxLDAsNDAsNDBBNDAsNDAsMCwwLDAsMTc2LDEzNlptMCw2NGEyNCwyNCwwLDEsMSwyNC0yNEEyNCwyNCwwLDAsMSwxNzYsMjAwWiI+PC9wYXRoPjwvc3ZnPg==\" alt=\"\" style=\"object-fit:cover\"\/><\/figure>\n\n\n\n<div class=\"wp-block-group wp-container-content-958eb9dc has-global-padding is-layout-constrained wp-container-core-group-is-layout-c06d165c wp-block-group-is-layout-constrained\" style=\"padding-top:0;padding-right:0;padding-bottom:0;padding-left:0\">\n<h3 class=\"wp-block-heading\">Property Sale<\/h3>\n\n\n\n<p>Expert support to sell your property quickly at the best market price.<\/p>\n<\/div>\n<\/div>\n<\/div>\n<\/div>\n<\/div>\n\n\n\n<div class=\"wp-block-column is-vertically-aligned-stretch is-layout-flow wp-container-core-column-is-layout-f5bb311e wp-block-column-is-layout-flow\">\n<div class=\"wp-block-group is-style-ext-preset--group--natural-1--item-card-1--align-start has-global-padding is-layout-constrained wp-block-group-is-layout-constrained is-style-ext-preset--group--natural-1--item-card-1--align-start--4\">\n<div class=\"wp-block-group is-style-default has-global-padding is-layout-constrained wp-block-group-is-layout-constrained\">\n<div class=\"wp-block-group is-nowrap is-layout-flex wp-container-core-group-is-layout-64fa2afa wp-block-group-is-layout-flex\" style=\"padding-top:0;padding-right:0;padding-bottom:0;padding-left:0\">\n<figure class=\"wp-block-image size-large ext-aspect-landscape wp-duotone-primary-foreground\"><img decoding=\"async\" src=\"data:image\/svg+xml;base64,PHN2ZyB4bWxucz0iaHR0cDovL3d3dy53My5vcmcvMjAwMC9zdmciIHdpZHRoPSI0OCIgaGVpZ2h0PSI0OCIgZmlsbD0iIzAwMDAwMCIgdmlld0JveD0iMCAwIDI1NiAyNTYiPjxwYXRoIGQ9Ik04MCw0MGE0MCw0MCwwLDEsMCw0MCw0MEE0MCw0MCwwLDAsMCw4MCw0MFptMCw2NGEyNCwyNCwwLDEsMSwyNC0yNEEyNCwyNCwwLDAsMSw4MCwxMDRabTk2LDE2YTQwLDQwLDAsMSwwLTQwLTQwQTQwLDQwLDAsMCwwLDE3NiwxMjBabTAtNjRhMjQsMjQsMCwxLDEtMjQsMjRBMjQsMjQsMCwwLDEsMTc2LDU2Wk04MCwxMzZhNDAsNDAsMCwxLDAsNDAsNDBBNDAsNDAsMCwwLDAsODAsMTM2Wm0wLDY0YTI0LDI0LDAsMSwxLDI0LTI0QTI0LDI0LDAsMCwxLDgwLDIwMFptMTM2LTI0YTgsOCwwLDAsMS04LDhIMTg0djI0YTgsOCwwLDAsMS0xNiwwVjE4NEgxNDRhOCw4LDAsMCwxLDAtMTZoMjRWMTQ0YTgsOCwwLDAsMSwxNiwwdjI0aDI0QTgsOCwwLDAsMSwyMTYsMTc2WiI+PC9wYXRoPjwvc3ZnPg==\" alt=\"\" style=\"object-fit:cover\"\/><\/figure>\n\n\n\n<div class=\"wp-block-group wp-container-content-958eb9dc has-global-padding is-layout-constrained wp-container-core-group-is-layout-c06d165c wp-block-group-is-layout-constrained\" style=\"padding-top:0;padding-right:0;padding-bottom:0;padding-left:0\">\n<h3 class=\"wp-block-heading\">Concierge services for travellers<\/h3>\n\n\n\n<p>Personalised service to ensure your guests enjoy a comfortable and unforgettable stay.<\/p>\n<\/div>\n<\/div>\n<\/div>\n<\/div>\n<\/div>\n<\/div>\n<\/div>\n\n\n\n<div class=\"wp-block-group alignfull is-style-ext-preset--group--natural-1--section has-background-background-color has-background has-global-padding is-layout-constrained wp-container-core-group-is-layout-e96f6837 wp-block-group-is-layout-constrained\" style=\"margin-top:0;margin-bottom:0;padding-top:0;padding-right:0;padding-bottom:0;padding-left:0\">\n<div class=\"wp-block-cover alignfull is-style-ext-preset--cover--natural-1--cover-overlay-1 is-style-ext-preset--cover--natural-1--cover-overlay-1--6\" style=\"padding-top:var(--wp--preset--spacing--70);padding-right:var(--wp--preset--spacing--30);padding-bottom:var(--wp--preset--spacing--70);padding-left:var(--wp--preset--spacing--30)\"><img loading=\"lazy\" decoding=\"async\" width=\"1440\" height=\"1081\" class=\"wp-block-cover__image-background wp-image-151\" alt=\"\" src=\"https:\/\/agence3bastides.com\/wp-content\/uploads\/2026\/02\/be851edc485a31977ba4d8e73c80d6239182e03d.jpg\" data-object-fit=\"cover\" srcset=\"https:\/\/agence3bastides.com\/wp-content\/uploads\/2026\/02\/be851edc485a31977ba4d8e73c80d6239182e03d.jpg 1440w, https:\/\/agence3bastides.com\/wp-content\/uploads\/2026\/02\/be851edc485a31977ba4d8e73c80d6239182e03d-300x225.jpg 300w, https:\/\/agence3bastides.com\/wp-content\/uploads\/2026\/02\/be851edc485a31977ba4d8e73c80d6239182e03d-1024x769.jpg 1024w, https:\/\/agence3bastides.com\/wp-content\/uploads\/2026\/02\/be851edc485a31977ba4d8e73c80d6239182e03d-768x577.jpg 768w, https:\/\/agence3bastides.com\/wp-content\/uploads\/2026\/02\/be851edc485a31977ba4d8e73c80d6239182e03d-16x12.jpg 16w\" sizes=\"auto, (max-width: 1440px) 100vw, 1440px\" \/><span aria-hidden=\"true\" class=\"wp-block-cover__background has-background-dim-80 has-background-dim\" style=\"background-color:#010101\"><\/span><div class=\"wp-block-cover__inner-container has-global-padding is-layout-constrained wp-container-core-cover-is-layout-5cffc2c1 wp-block-cover-is-layout-constrained\">\n<div class=\"wp-block-group alignwide is-vertical is-content-justification-center is-layout-flex wp-container-core-group-is-layout-c9ee0c5a wp-block-group-is-layout-flex\">\n<div class=\"wp-block-group has-global-padding is-layout-constrained wp-container-core-group-is-layout-2287c683 wp-block-group-is-layout-constrained\">\n<h2 class=\"wp-block-heading has-text-align-center\">Please contact us for further information.<\/h2>\n\n\n\n<p class=\"has-text-align-center\">Discover how our personalised services facilitate every stage of your property project, and take control of your future today.<\/p>\n<\/div>\n\n\n\n<div class=\"wp-block-buttons is-layout-flex wp-block-buttons-is-layout-flex\">\n<div class=\"wp-block-button is-style-ext-preset--button--natural-1--button-1 is-style-ext-preset--button--natural-1--button-1--7\"><a class=\"wp-block-button__link wp-element-button\" href=\"https:\/\/agence3bastides.com\/en\/contact\/\">Contact<\/a><\/div>\n<\/div>\n<\/div>\n<\/div><\/div>\n<\/div>","protected":false},"excerpt":{"rendered":"<p>Nos 3 services D\u00e9couvrez nos trois services cl\u00e9s : gestion personnalis\u00e9e pour propri\u00e9taires, accueil sur-mesure pour voyageurs, et accompagnement \u00e0 la vente immobili\u00e8re. Conciergerie Propri\u00e9taires Nous prenons en charge la gestion compl\u00e8te et s\u00e9curis\u00e9e de votre bien, pour une tranquillit\u00e9 d\u2019esprit totale. Vente Immobili\u00e8re Un accompagnement expert pour vendre votre bien rapidement au meilleur prix [&hellip;]<\/p>\n","protected":false},"author":1,"featured_media":0,"parent":0,"menu_order":0,"comment_status":"closed","ping_status":"closed","template":"page-with-title","meta":{"footnotes":""},"class_list":["post-121","page","type-page","status-publish","hentry"],"yoast_head":"<!-- This site is optimized with the Yoast SEO plugin v27.4 - https:\/\/yoast.com\/product\/yoast-seo-wordpress\/ -->\n<title>Services - Agence des 3 Bastides - Nos 3 services Aveyron<\/title>\n<meta name=\"description\" content=\"D\u00e9couvrez nos trois services cl\u00e9s : gestion pour propri\u00e9taires, accueil sur-mesure pour voyageurs, et accompagnement \u00e0 la vente immobili\u00e8re.\" \/>\n<meta name=\"robots\" content=\"index, follow, max-snippet:-1, max-image-preview:large, max-video-preview:-1\" \/>\n<link rel=\"canonical\" href=\"https:\/\/agence3bastides.com\/en\/services\/\" \/>\n<meta property=\"og:locale\" content=\"en_GB\" \/>\n<meta property=\"og:type\" content=\"article\" \/>\n<meta property=\"og:title\" content=\"Services - Agence des 3 Bastides - Nos 3 services Aveyron\" \/>\n<meta property=\"og:description\" content=\"D\u00e9couvrez nos trois services cl\u00e9s : gestion pour propri\u00e9taires, accueil sur-mesure pour voyageurs, et accompagnement \u00e0 la vente immobili\u00e8re.\" \/>\n<meta property=\"og:url\" content=\"https:\/\/agence3bastides.com\/en\/services\/\" \/>\n<meta property=\"og:site_name\" content=\"Agence des 3 Bastides\" \/>\n<meta property=\"article:modified_time\" content=\"2026-02-28T10:08:27+00:00\" \/>\n<meta property=\"og:image\" content=\"https:\/\/agence3bastides.com\/wp-content\/uploads\/2026\/02\/be851edc485a31977ba4d8e73c80d6239182e03d.jpg\" \/>\n<meta name=\"twitter:card\" content=\"summary_large_image\" \/>\n<meta name=\"twitter:label1\" content=\"Estimated reading time\" \/>\n\t<meta name=\"twitter:data1\" content=\"2 minutes\" \/>\n<script type=\"application\/ld+json\" class=\"yoast-schema-graph\">{\"@context\":\"https:\\\/\\\/schema.org\",\"@graph\":[{\"@type\":\"WebPage\",\"@id\":\"https:\\\/\\\/agence3bastides.com\\\/services\\\/\",\"url\":\"https:\\\/\\\/agence3bastides.com\\\/services\\\/\",\"name\":\"Services - Agence des 3 Bastides - Nos 3 services Aveyron\",\"isPartOf\":{\"@id\":\"https:\\\/\\\/agence3bastides.com\\\/#website\"},\"primaryImageOfPage\":{\"@id\":\"https:\\\/\\\/agence3bastides.com\\\/services\\\/#primaryimage\"},\"image\":{\"@id\":\"https:\\\/\\\/agence3bastides.com\\\/services\\\/#primaryimage\"},\"thumbnailUrl\":\"https:\\\/\\\/agence3bastides.com\\\/wp-content\\\/uploads\\\/2026\\\/02\\\/be851edc485a31977ba4d8e73c80d6239182e03d.jpg\",\"datePublished\":\"2026-02-02T11:54:38+00:00\",\"dateModified\":\"2026-02-28T10:08:27+00:00\",\"description\":\"D\u00e9couvrez nos trois services cl\u00e9s : gestion pour propri\u00e9taires, accueil sur-mesure pour voyageurs, et accompagnement \u00e0 la vente immobili\u00e8re.\",\"breadcrumb\":{\"@id\":\"https:\\\/\\\/agence3bastides.com\\\/services\\\/#breadcrumb\"},\"inLanguage\":\"en-GB\",\"potentialAction\":[{\"@type\":\"ReadAction\",\"target\":[\"https:\\\/\\\/agence3bastides.com\\\/services\\\/\"]}]},{\"@type\":\"ImageObject\",\"inLanguage\":\"en-GB\",\"@id\":\"https:\\\/\\\/agence3bastides.com\\\/services\\\/#primaryimage\",\"url\":\"https:\\\/\\\/agence3bastides.com\\\/wp-content\\\/uploads\\\/2026\\\/02\\\/be851edc485a31977ba4d8e73c80d6239182e03d.jpg\",\"contentUrl\":\"https:\\\/\\\/agence3bastides.com\\\/wp-content\\\/uploads\\\/2026\\\/02\\\/be851edc485a31977ba4d8e73c80d6239182e03d.jpg\"},{\"@type\":\"BreadcrumbList\",\"@id\":\"https:\\\/\\\/agence3bastides.com\\\/services\\\/#breadcrumb\",\"itemListElement\":[{\"@type\":\"ListItem\",\"position\":1,\"name\":\"Accueil\",\"item\":\"https:\\\/\\\/agence3bastides.com\\\/\"},{\"@type\":\"ListItem\",\"position\":2,\"name\":\"Services\"}]},{\"@type\":\"WebSite\",\"@id\":\"https:\\\/\\\/agence3bastides.com\\\/#website\",\"url\":\"https:\\\/\\\/agence3bastides.com\\\/\",\"name\":\"Agence des 3 Bastides\",\"description\":\"Agence des 3 Badtides\",\"publisher\":{\"@id\":\"https:\\\/\\\/agence3bastides.com\\\/#organization\"},\"potentialAction\":[{\"@type\":\"SearchAction\",\"target\":{\"@type\":\"EntryPoint\",\"urlTemplate\":\"https:\\\/\\\/agence3bastides.com\\\/?s={search_term_string}\"},\"query-input\":{\"@type\":\"PropertyValueSpecification\",\"valueRequired\":true,\"valueName\":\"search_term_string\"}}],\"inLanguage\":\"en-GB\"},{\"@type\":\"Organization\",\"@id\":\"https:\\\/\\\/agence3bastides.com\\\/#organization\",\"name\":\"Agence des 3 Bastides\",\"url\":\"https:\\\/\\\/agence3bastides.com\\\/\",\"logo\":{\"@type\":\"ImageObject\",\"inLanguage\":\"en-GB\",\"@id\":\"https:\\\/\\\/agence3bastides.com\\\/#\\\/schema\\\/logo\\\/image\\\/\",\"url\":\"https:\\\/\\\/agence3bastides.com\\\/wp-content\\\/uploads\\\/2026\\\/02\\\/logo-transparent.png\",\"contentUrl\":\"https:\\\/\\\/agence3bastides.com\\\/wp-content\\\/uploads\\\/2026\\\/02\\\/logo-transparent.png\",\"width\":1500,\"height\":1000,\"caption\":\"Agence des 3 Bastides\"},\"image\":{\"@id\":\"https:\\\/\\\/agence3bastides.com\\\/#\\\/schema\\\/logo\\\/image\\\/\"}}]}<\/script>\n<!-- \/ Yoast SEO plugin. -->","yoast_head_json":{"title":"Services - Agence des 3 Bastides - Nos 3 services Aveyron","description":"D\u00e9couvrez nos trois services cl\u00e9s : gestion pour propri\u00e9taires, accueil sur-mesure pour voyageurs, et accompagnement \u00e0 la vente immobili\u00e8re.","robots":{"index":"index","follow":"follow","max-snippet":"max-snippet:-1","max-image-preview":"max-image-preview:large","max-video-preview":"max-video-preview:-1"},"canonical":"https:\/\/agence3bastides.com\/en\/services\/","og_locale":"en_GB","og_type":"article","og_title":"Services - Agence des 3 Bastides - Nos 3 services Aveyron","og_description":"D\u00e9couvrez nos trois services cl\u00e9s : gestion pour propri\u00e9taires, accueil sur-mesure pour voyageurs, et accompagnement \u00e0 la vente immobili\u00e8re.","og_url":"https:\/\/agence3bastides.com\/en\/services\/","og_site_name":"Agence des 3 Bastides","article_modified_time":"2026-02-28T10:08:27+00:00","og_image":[{"url":"https:\/\/agence3bastides.com\/wp-content\/uploads\/2026\/02\/be851edc485a31977ba4d8e73c80d6239182e03d.jpg","type":"","width":"","height":""}],"twitter_card":"summary_large_image","twitter_misc":{"Estimated reading time":"2 minutes"},"schema":{"@context":"https:\/\/schema.org","@graph":[{"@type":"WebPage","@id":"https:\/\/agence3bastides.com\/services\/","url":"https:\/\/agence3bastides.com\/services\/","name":"Services - Agence des 3 Bastides - Nos 3 services Aveyron","isPartOf":{"@id":"https:\/\/agence3bastides.com\/#website"},"primaryImageOfPage":{"@id":"https:\/\/agence3bastides.com\/services\/#primaryimage"},"image":{"@id":"https:\/\/agence3bastides.com\/services\/#primaryimage"},"thumbnailUrl":"https:\/\/agence3bastides.com\/wp-content\/uploads\/2026\/02\/be851edc485a31977ba4d8e73c80d6239182e03d.jpg","datePublished":"2026-02-02T11:54:38+00:00","dateModified":"2026-02-28T10:08:27+00:00","description":"D\u00e9couvrez nos trois services cl\u00e9s : gestion pour propri\u00e9taires, accueil sur-mesure pour voyageurs, et accompagnement \u00e0 la vente immobili\u00e8re.","breadcrumb":{"@id":"https:\/\/agence3bastides.com\/services\/#breadcrumb"},"inLanguage":"en-GB","potentialAction":[{"@type":"ReadAction","target":["https:\/\/agence3bastides.com\/services\/"]}]},{"@type":"ImageObject","inLanguage":"en-GB","@id":"https:\/\/agence3bastides.com\/services\/#primaryimage","url":"https:\/\/agence3bastides.com\/wp-content\/uploads\/2026\/02\/be851edc485a31977ba4d8e73c80d6239182e03d.jpg","contentUrl":"https:\/\/agence3bastides.com\/wp-content\/uploads\/2026\/02\/be851edc485a31977ba4d8e73c80d6239182e03d.jpg"},{"@type":"BreadcrumbList","@id":"https:\/\/agence3bastides.com\/services\/#breadcrumb","itemListElement":[{"@type":"ListItem","position":1,"name":"Accueil","item":"https:\/\/agence3bastides.com\/"},{"@type":"ListItem","position":2,"name":"Services"}]},{"@type":"WebSite","@id":"https:\/\/agence3bastides.com\/#website","url":"https:\/\/agence3bastides.com\/","name":"Agence des 3 Bastides","description":"Agence des 3 Badtides","publisher":{"@id":"https:\/\/agence3bastides.com\/#organization"},"potentialAction":[{"@type":"SearchAction","target":{"@type":"EntryPoint","urlTemplate":"https:\/\/agence3bastides.com\/?s={search_term_string}"},"query-input":{"@type":"PropertyValueSpecification","valueRequired":true,"valueName":"search_term_string"}}],"inLanguage":"en-GB"},{"@type":"Organization","@id":"https:\/\/agence3bastides.com\/#organization","name":"Agence des 3 Bastides","url":"https:\/\/agence3bastides.com\/","logo":{"@type":"ImageObject","inLanguage":"en-GB","@id":"https:\/\/agence3bastides.com\/#\/schema\/logo\/image\/","url":"https:\/\/agence3bastides.com\/wp-content\/uploads\/2026\/02\/logo-transparent.png","contentUrl":"https:\/\/agence3bastides.com\/wp-content\/uploads\/2026\/02\/logo-transparent.png","width":1500,"height":1000,"caption":"Agence des 3 Bastides"},"image":{"@id":"https:\/\/agence3bastides.com\/#\/schema\/logo\/image\/"}}]}},"jetpack_sharing_enabled":true,"_links":{"self":[{"href":"https:\/\/agence3bastides.com\/en\/wp-json\/wp\/v2\/pages\/121","targetHints":{"allow":["GET"]}}],"collection":[{"href":"https:\/\/agence3bastides.com\/en\/wp-json\/wp\/v2\/pages"}],"about":[{"href":"https:\/\/agence3bastides.com\/en\/wp-json\/wp\/v2\/types\/page"}],"author":[{"embeddable":true,"href":"https:\/\/agence3bastides.com\/en\/wp-json\/wp\/v2\/users\/1"}],"replies":[{"embeddable":true,"href":"https:\/\/agence3bastides.com\/en\/wp-json\/wp\/v2\/comments?post=121"}],"version-history":[{"count":4,"href":"https:\/\/agence3bastides.com\/en\/wp-json\/wp\/v2\/pages\/121\/revisions"}],"predecessor-version":[{"id":1103,"href":"https:\/\/agence3bastides.com\/en\/wp-json\/wp\/v2\/pages\/121\/revisions\/1103"}],"wp:attachment":[{"href":"https:\/\/agence3bastides.com\/en\/wp-json\/wp\/v2\/media?parent=121"}],"curies":[{"name":"wp","href":"https:\/\/api.w.org\/{rel}","templated":true}]}}